{"id":131,"date":"2016-06-21T17:06:21","date_gmt":"2016-06-21T17:06:21","guid":{"rendered":"http:\/\/www.biemen.com\/?page_id=131"},"modified":"2019-06-05T09:12:36","modified_gmt":"2019-06-05T09:12:36","slug":"politica-de-cookies","status":"publish","type":"page","link":"https:\/\/www.biemen.com\/ca\/politica-de-cookies\/","title":{"rendered":"Pol\u00edtica de cookies"},"content":{"rendered":"<section class=\"l-section wpb_row height_medium\"><div class=\"l-section-h i-cf\"><div class=\"g-cols vc_row via_flex valign_top type_default stacking_default\"><div class=\"vc_col-sm-12 wpb_column vc_column_container\"><div class=\"vc_column-inner\"><div class=\"wpb_wrapper\"><div class=\"wpb_text_column\"><div class=\"wpb_wrapper\"><div class=\"entry-content clearfix\">\n<h2 style=\"text-align: center;\">Pol\u00edtica de cookies<\/h2>\n<p><strong>ANTECEDENTS<\/strong><\/p>\n<p>De conformitat amb la normativa espanyola que regula l\u2019\u00fas de les cookies en relaci\u00f3 a la prestaci\u00f3 de serveis de comunicacions electr\u00f2niques, recollida en el Reial Decret Llei 13\/2012 de 30 de mar\u00e7, li informem sobre les cookies utilitzades a la web de <strong>BIEMEN, SLU<\/strong> (d\u2019ara en endavant tamb\u00e9 el prestador) i el motiu del seu \u00fas. Aix\u00ed mateix, li informem que al navegar en el lloc Web vost\u00e8 est\u00e0 prestant el seu consentiment per a poder utilitzar-les.<\/p>\n<p><strong>\u00bfQU\u00c8 S\u00d3N LES COOKIES?<\/strong><\/p>\n<p>Una cookie \u00e9s un fitxer que es descarrega en el seu ordenador quan accedeix a determinades p\u00e0gines web. Les cookies permeten a una web, entre d\u2019altres coses, emmagatzemar i recuperar informaci\u00f3 sobre els h\u00e0bits de navegaci\u00f3 d\u2019 un usuari o del seu equip i, depenent de la informaci\u00f3 que continguin i de la forma en que utilitzi el seu equip, poden utilitzar-se per\u00a0 recon\u00e8ixer a l\u2019 usuari. Les cookies s\u2019associen \u00fanicament a un usuari an\u00f2nim i al seu ordinador o dispositiu i no proporcionen refer\u00e8ncies que permetin con\u00e8ixer les seves dades personals.<\/p>\n<p><strong>COOKIES AFECTADES PER LA NORMATIVA I COOKIES EXEMPTES<\/strong><\/p>\n<p>Segons la directiva de la UE, les cookies que requereixen el consentiment informat per part de l&#8217;usuari s\u00f3n les cookies d&#8217;anal\u00edtica i les de publicitat i afiliaci\u00f3, quedant exceptuades les de car\u00e0cter t\u00e8cnic i les necess\u00e0ries per al funcionament del lloc web o la prestaci\u00f3 de serveis expressament demanats per l&#8217;usuari.<\/p>\n<p><strong>TIPUS DE COOKIES<\/strong><\/p>\n<ol>\n<li>a) Segons l\u2019 <strong>entitat<\/strong> que les gestioni, hi ha <strong>Cookies pr\u00f2pies<\/strong> (aquelles que s\u2019envien a l\u2019equip terminal de l\u2019 usuari des d\u2019un equip o domini gestionat pel propi editor &#8211; des d\u2019on aquest presta el servei sol\u00b7licitat per l\u2019usuari-) i <strong>Cookies de tercers<\/strong> (aquelles que s\u2019envien a l\u2019equip terminal de l\u2019usuari des d\u2019un equip o domini que no es gestionat per l\u2019editor sin\u00f3 per un tercer).<\/li>\n<li>b) Segons el <strong>temps<\/strong> que romanen actives, <strong>Cookies de sessi\u00f3<\/strong> (dissenyades per a recopilar i emmagatzemar dades mentre l\u2019 usuari accedeix a la web) i <strong>Cookies persistents<\/strong> (les dades segueixen emmagatzemades en el terminal i poden ser accedides i tractades durant un per\u00edode definit pel responsable de la cookie).<\/li>\n<li>c) Segons la <strong>finalitat<\/strong> per a la que tracten la informaci\u00f3 que recopilen, poden ser:<\/li>\n<\/ol>\n<p>&#8211; <strong>Cookies t\u00e8cniques<\/strong> (necess\u00e0ries per l\u2019\u00fas de la web i la prestaci\u00f3 del servei contractat),<\/p>\n<p>&#8211; <strong>Cookies de personalitzaci\u00f3<\/strong> (permeten a l\u2019usuari accedir al servei amb caracter\u00edstiques de car\u00e0cter general predefinides com per exemple l\u2019 idioma, el tipus de navegador, la configuraci\u00f3 regional, etc. ),<\/p>\n<p>&#8211; <strong>Cookies d\u2019an\u00e0lisi<\/strong> (recullen informaci\u00f3 de l\u00b4\u00fas que es realitza a la web),<\/p>\n<p>&#8211; <strong>Cookies publicit\u00e0ries<\/strong> (recullen informaci\u00f3 sobre les prefer\u00e8ncies i eleccions personals dels usuaris),<\/p>\n<p>&#8211; <strong>Cookies d\u2019afiliats<\/strong> (permeten fer un seguiment de les visites procedents d&#8217;altres webs, amb les que el lloc web estableix un contracte d\u2018afiliaci\u00f3 (empreses d&#8217;afiliaci\u00f3).<\/p>\n<p><strong>TIPUS DE COOKIES UTILITZADES PER AQUESTA WEB<\/strong><\/p>\n<p>Les cookies utilitzades en aquesta web s\u00f3n de sessi\u00f3 i t\u00e8cniques, i ens permeten emmagatzemar i accedir a informaci\u00f3 relativa a l\u2019 idioma, al tipus de navegador utilitzat i altres caracter\u00edstiques generals predefinides per l\u2019 usuari, aix\u00ed como seguir i analitzar l\u2019 activitat que du a terme, amb l\u2019 objecte de introduir millores i prestar els nostres serveis d\u2019 una manera mes eficient i personalitzada. Les cookies utilitzades tenen, en tot cas, car\u00e0cter temporal, amb l&#8217;\u00fanica finalitat de fer m\u00e9s efica\u00e7 la navegaci\u00f3, i desapareixen en acabar la sessi\u00f3 de l&#8217;usuari. En cap cas, aquestes cookies proporcionen per si mateixes dades de car\u00e0cter personal i no s&#8217;utilitzaran per a la recollida de les mateixes.<\/p>\n<p>La utilitzaci\u00f3 de les cookies ofereix avantatges at\u00e8s que:<\/p>\n<p>&#8211; facilita a l\u2019 usuari la navegaci\u00f3 i l\u2019 acc\u00e9s als diferents serveis que ofereix la web;<\/p>\n<p>&#8211; evita a l\u2019 usuari haver de configurar les caracter\u00edstiques generals predefinides cada cop que accedeixi a la web; i<\/p>\n<p>&#8211; afavoreix la millora del funcionament i dels serveis prestats a trav\u00e9s d\u2019aquesta web, despr\u00e9s del corresponent an\u00e0lisi de la informaci\u00f3 obtinguda a trav\u00e9s de las cookies instal\u00b7lades.<\/p>\n<p>A l\u2019accedir a la web se li informa que si segueix navegant dins la mateixa se li instal\u00b7laran diverses cookies de tercers consentint aix\u00ed la instal\u00b7laci\u00f3 d\u2019aquestes, que tindran com a \u00fanica finalitat la de enregistrar l\u2019 acc\u00e9s a la web per la realitzaci\u00f3 de estad\u00edstiques sobre les visites, recopilant informaci\u00f3 sempre de forma an\u00f2nima. No es necessari que accepti la instal\u00b7laci\u00f3 de aquestes cookies, podr\u00e0 navegar igualment per tota\u00a0 la nostra web.<\/p>\n<p>En diverses seccions de la web es podran instal\u00b7lar cookies de tercers, en concret les seg\u00fcents:<\/p>\n<ul>\n<li>Cookie de <strong>Twitter<\/strong>, segons el que disposa la seva pol\u00edtica de privacitat i \u00fas de cookies.<\/li>\n<li>Cookie de <strong>Facebook<\/strong>, segons el que disposa la seva pol\u00edtica de cookies.<\/li>\n<li>Cookie de <strong>Linkedin<\/strong>, segons el que disposa el seu \u00fas de les cookies.<\/li>\n<li>Cookie de <strong>Google+<\/strong> y <strong>Google Maps<\/strong>, segons el que disposa la seva p\u00e0gina sobre quin tipo de cookies utilitzen.<\/li>\n<\/ul>\n<table>\n<tbody>\n<tr>\n<td width=\"200\">COOKIE<\/td>\n<td width=\"200\">\u00a0PURPOSE<\/td>\n<td width=\"200\">\u00a0THIRD<\/td>\n<td width=\"200\">\u00a0DURATION<\/td>\n<\/tr>\n<tr>\n<td width=\"200\">\u00a0_ga<\/td>\n<td width=\"200\">Estad\u00edstica i anal\u00edtica web<\/td>\n<td width=\"200\">\u00a0Google Analytics<\/td>\n<td width=\"200\">\u00a02 anys<\/td>\n<\/tr>\n<tr>\n<td width=\"200\">\u00a0_gat<\/td>\n<td width=\"200\">Estad\u00edstica i anal\u00edtica web<\/td>\n<td width=\"200\">\u00a0Google Analytics<\/td>\n<td width=\"200\">\u00a01 hora<\/td>\n<\/tr>\n<tr>\n<td width=\"200\">\u00a0_gid<\/td>\n<td width=\"200\">Estad\u00edstica i anal\u00edtica web<\/td>\n<td width=\"200\">\u00a0Google Analytics<\/td>\n<td width=\"200\">\u00a01 dia<\/td>\n<\/tr>\n<tr>\n<td width=\"200\">\u00a0qtrans_front_language<\/td>\n<td width=\"200\">Llenguatge de navegaci\u00f3<\/td>\n<td width=\"200\"><\/td>\n<td width=\"200\">\u00a0Durant la sessi\u00f3<\/td>\n<\/tr>\n<tr>\n<td width=\"200\">viewed_cookie_policy<\/td>\n<td width=\"200\">Visualitzaci\u00f3 de la pol\u00edtica de cookies<\/td>\n<td width=\"200\">WordPress<\/td>\n<td width=\"200\">1 any<\/td>\n<\/tr>\n<\/tbody>\n<\/table>\n<p>&nbsp;<\/p>\n<p><strong>REVOCACI\u00d3 <\/strong><\/p>\n<p>En tot moment podr\u00e0 accedir a la configuraci\u00f3 del seu navegador acceptant o rebutjant totes les cookies, o b\u00e9 seleccionant aquelles la instal\u00b7laci\u00f3 de les quals admet i quines no, seguint un dels seg\u00fcents procediments (dependr\u00e0 del navegador que utilitzi):<\/p>\n<p><strong>Google Chrome: <\/strong>https:\/\/support.google.com\/chrome\/answer\/95647?co=GENIE.Platform%3DDesktopandhl=es<\/p>\n<p><strong>Microsoft Internet Explorer: <\/strong>https:\/\/support.microsoft.com\/es-es\/help\/17442\/windows-internet-explorer-delete-manage-cookies<\/p>\n<p><strong>Firefox: <\/strong>https:\/\/support.mozilla.org\/es\/kb\/habilitar-y-deshabilitar-cookies-sitios-web-rastrear-preferencias<\/p>\n<p><strong>Safari, iPad i iPhone: <\/strong>https:\/\/support.apple.com\/kb\/ph21411?locale=es_ES<\/p>\n<p><strong>Opera: <\/strong>http:\/\/help.opera.com\/Linux\/10.60\/es-ES\/cookies.html<\/p>\n<p><strong>DESACTIVACI\u00d3\/ACTIVACI\u00d3 I ELIMINACI\u00d3 DE COOKIES<\/strong><\/p>\n<p>Per restringir o bloquejar las cookies, s\u2019ha de fer a trav\u00e9s de la configuraci\u00f3 del navegador.<\/p>\n<p>Si no desitja que els llocs web instal\u00b7lin cookies en el seu equip, pot adaptar la configuraci\u00f3 del navegador de manera que se li notifiqui abans no s\u2019instal\u00b7li cap cookie. D\u2019 igual manera, pot adaptar la configuraci\u00f3 de forma que el navegador rebutgi totes les cookies, o \u00fanicament les cookies de tercers. Tamb\u00e9 pot eliminar qualsevol de les cookies que ja es trobin en l\u2019equip. Tingui en compte que haur\u00e0 d\u2019adaptar per separat la configuraci\u00f3 de cada navegador i equip que utilitzi.<\/p>\n<p>Cada navegador t\u00e9 un m\u00e8tode diferent per adaptar la configuraci\u00f3. Si fos necessari, consulti la funci\u00f3 d\u2019ajuda del navegador per establir la configuraci\u00f3 correcta.<\/p>\n<p>Per desactivar las cookies en el tel\u00e8fon m\u00f2bil, consulti el manual del dispositiu per a m\u00e9s informaci\u00f3.<\/p>\n<p>Tamb\u00e9 pot obtenir m\u00e9s informaci\u00f3 sobre les cookies a Internet en el seg\u00fcent enlla\u00e7:\u00a0 http:\/\/www.aboutcookies.org\/.<\/p>\n<p>Tenint en compte la forma en la que funciona Internet i les p\u00e0gines web, no sempre comptem amb informaci\u00f3 de les cookies que col\u00b7loquen terceres parts a trav\u00e9s de la nostra web. Aix\u00f2 s\u2019aplica especialment a casos en els que la nostra\u00a0 p\u00e0gina cont\u00e9 el que s\u2019anomenen elements integrats: textos, documents, imatges o breus pel\u00b7l\u00edcules que s\u2019emmagatzemen en un altre lloc, per\u00f2 es mostren en el nostre web.<\/p>\n<p>Si es el cas que es troba amb aquest tipus de cookies i no estan enumerades al nostre llistat anterior, li preguem ens ho comuniqui, o b\u00e9 posi\u2019s directament en contacte amb el tercer per demanar-li informaci\u00f3 sobre les\u00a0 cookies que col\u00b7loca, la finalitat i la duraci\u00f3 de la cookie, y com garanteix\u00a0 la seva privacitat.<\/p>\n<\/div>\n<\/div><\/div><\/div><\/div><\/div><\/div><\/div><\/section>","protected":false},"excerpt":{"rendered":"Pol\u00edtica de cookies ANTECEDENTS De conformitat amb la normativa espanyola que regula l\u2019\u00fas de les cookies en relaci\u00f3 a la prestaci\u00f3 de serveis de comunicacions electr\u00f2niques, recollida en el Reial Decret Llei 13\/2012 de 30 de mar\u00e7, li informem sobre les cookies utilitzades a la web de BIEMEN, SLU (d\u2019ara en endavant tamb\u00e9 el prestador)...","protected":false},"author":4,"featured_media":0,"parent":0,"menu_order":0,"comment_status":"closed","ping_status":"closed","template":"","meta":{"footnotes":""},"class_list":["post-131","page","type-page","status-publish","hentry"],"_links":{"self":[{"href":"https:\/\/www.biemen.com\/ca\/wp-json\/wp\/v2\/pages\/131","targetHints":{"allow":["GET"]}}],"collection":[{"href":"https:\/\/www.biemen.com\/ca\/wp-json\/wp\/v2\/pages"}],"about":[{"href":"https:\/\/www.biemen.com\/ca\/wp-json\/wp\/v2\/types\/page"}],"author":[{"embeddable":true,"href":"https:\/\/www.biemen.com\/ca\/wp-json\/wp\/v2\/users\/4"}],"replies":[{"embeddable":true,"href":"https:\/\/www.biemen.com\/ca\/wp-json\/wp\/v2\/comments?post=131"}],"version-history":[{"count":5,"href":"https:\/\/www.biemen.com\/ca\/wp-json\/wp\/v2\/pages\/131\/revisions"}],"predecessor-version":[{"id":1047,"href":"https:\/\/www.biemen.com\/ca\/wp-json\/wp\/v2\/pages\/131\/revisions\/1047"}],"wp:attachment":[{"href":"https:\/\/www.biemen.com\/ca\/wp-json\/wp\/v2\/media?parent=131"}],"curies":[{"name":"wp","href":"https:\/\/api.w.org\/{rel}","templated":true}]}}