{"id":159,"date":"2016-06-30T10:47:48","date_gmt":"2016-06-30T10:47:48","guid":{"rendered":"http:\/\/www.biemen.com\/?page_id=159"},"modified":"2019-03-26T11:22:20","modified_gmt":"2019-03-26T11:22:20","slug":"sobre-nosotros","status":"publish","type":"page","link":"https:\/\/www.biemen.com\/ca\/sobre-nosotros\/","title":{"rendered":"SOBRE NOSALTRES"},"content":{"rendered":"<section class=\"l-section wpb_row height_medium\"><div class=\"l-section-h i-cf\"><div class=\"g-cols vc_row via_flex valign_top type_default stacking_default\"><div class=\"vc_col-sm-12 wpb_column vc_column_container\"><div class=\"vc_column-inner\"><div class=\"wpb_wrapper\"><div class=\"wpb_text_column\"><div class=\"wpb_wrapper\"><h3 style=\"text-align: center;\">SOBRE NOSALTRES<\/h3>\n<\/div><\/div><\/div><\/div><\/div><\/div><\/div><\/section><section class=\"l-section wpb_row height_medium\"><div class=\"l-section-h i-cf\"><div class=\"g-cols vc_row via_flex valign_top type_default stacking_default\"><div class=\"vc_col-sm-12 wpb_column vc_column_container\"><div class=\"vc_column-inner\"><div class=\"wpb_wrapper\"><div class=\"wpb_text_column\"><div class=\"wpb_wrapper\"><p>En <strong>BIEMEN<\/strong> ens dediquem a la fabricaci\u00f3 i distribuci\u00f3 de components oli hidr\u00e0ulics, <strong>endolls r\u00e0pids<\/strong>, <strong>aixetes de pas<\/strong>, <strong>v\u00e0lvules de bola<\/strong>, <strong>v\u00e0lvules antirretorn<\/strong>, <strong>presses de pressi\u00f3<\/strong>, <strong>r\u00e0cords hidr\u00e0ulics<\/strong>\u2026<\/p>\n<p>Dels pilars principals de la nostra empresa, s\u00f3n la qualitat i el servei a preus competitius, aix\u00ed com la flexibilitat, estudiant conjuntament amb els nostres clients cadascun dels seus projectes, assegurant i adaptant els nostres productes a les necessitats concretes de cada aplicaci\u00f3.<\/p>\n<p>El nostre equip hum\u00e0 amb una dilatada experi\u00e8ncia en el sector de m\u00e9s de 25 anys est\u00e0 a la seva disposici\u00f3 per atendre totes les seves necessitats t\u00e8cniques i comercials de manera r\u00e0pida i efica\u00e7.<\/p>\n<\/div><\/div><\/div><\/div><\/div><\/div><\/div><\/section>","protected":false},"excerpt":{"rendered":"SOBRE NOSALTRES En BIEMEN ens dediquem a la fabricaci\u00f3 i distribuci\u00f3 de components oli hidr\u00e0ulics, endolls r\u00e0pids, aixetes de pas, v\u00e0lvules de bola, v\u00e0lvules antirretorn, presses de pressi\u00f3, r\u00e0cords hidr\u00e0ulics\u2026 Dels pilars principals de la nostra empresa, s\u00f3n la qualitat i el servei a preus competitius, aix\u00ed com la flexibilitat, estudiant conjuntament amb els nostres...","protected":false},"author":4,"featured_media":0,"parent":0,"menu_order":0,"comment_status":"closed","ping_status":"closed","template":"","meta":{"footnotes":""},"class_list":["post-159","page","type-page","status-publish","hentry"],"_links":{"self":[{"href":"https:\/\/www.biemen.com\/ca\/wp-json\/wp\/v2\/pages\/159","targetHints":{"allow":["GET"]}}],"collection":[{"href":"https:\/\/www.biemen.com\/ca\/wp-json\/wp\/v2\/pages"}],"about":[{"href":"https:\/\/www.biemen.com\/ca\/wp-json\/wp\/v2\/types\/page"}],"author":[{"embeddable":true,"href":"https:\/\/www.biemen.com\/ca\/wp-json\/wp\/v2\/users\/4"}],"replies":[{"embeddable":true,"href":"https:\/\/www.biemen.com\/ca\/wp-json\/wp\/v2\/comments?post=159"}],"version-history":[{"count":5,"href":"https:\/\/www.biemen.com\/ca\/wp-json\/wp\/v2\/pages\/159\/revisions"}],"predecessor-version":[{"id":945,"href":"https:\/\/www.biemen.com\/ca\/wp-json\/wp\/v2\/pages\/159\/revisions\/945"}],"wp:attachment":[{"href":"https:\/\/www.biemen.com\/ca\/wp-json\/wp\/v2\/media?parent=159"}],"curies":[{"name":"wp","href":"https:\/\/api.w.org\/{rel}","templated":true}]}}