{"id":256,"date":"2016-07-13T09:51:40","date_gmt":"2016-07-13T09:51:40","guid":{"rendered":"http:\/\/www.biemen.com\/?page_id=256"},"modified":"2022-06-13T11:23:31","modified_gmt":"2022-06-13T09:23:31","slug":"mecanizado","status":"publish","type":"page","link":"https:\/\/www.biemen.com\/ca\/mecanizado\/","title":{"rendered":"MECANITZAT SOTA PLA"},"content":{"rendered":"<section class=\"l-section wpb_row height_medium\"><div class=\"l-section-h i-cf\"><div class=\"g-cols vc_row via_flex valign_top type_default stacking_default\"><div class=\"vc_col-sm-12 wpb_column vc_column_container\"><div class=\"vc_column-inner\"><div class=\"wpb_wrapper\"><div class=\"wpb_text_column\"><div class=\"wpb_wrapper\"><h2 style=\"text-align: center;\">MECANITZAT SOTA PLA<\/h2>\n<\/div><\/div><div class=\"w-separator size_custom\" style=\"height:32px\"><\/div><div class=\"w-grid us_carousel type_carousel layout_gallery_default preload_style_spinner items_4\" id=\"us_grid_4\" style=\"--items:4;--gap:1.5rem;\"><div class=\"w-grid-list owl-carousel valign_stretch dotstyle_circle navstyle_circle arrows-ver-pos_middle arrows-hor-pos_on_sides_outside arrows-disabled_hide owl-responsive-2000 with_arrows\" style=\"--transition-duration:800ms;--arrows-size:1.5rem;--arrows-hor-offset:calc(0px + 1.5rem);--arrows-gap:10px;\">\t<article class=\"w-grid-item post-260 attachment type-attachment status-inherit hentry\" data-id=\"260\">\r\n\t\t<div class=\"w-grid-item-h\">\r\n\t\t\t\t\t\t<div class=\"w-post-elm post_image usg_post_image_1 stretched\"><img loading=\"lazy\" decoding=\"async\" width=\"767\" height=\"757\" src=\"https:\/\/www.biemen.com\/wp-content\/uploads\/2016\/07\/MECANIZADO-04.jpg\" class=\"attachment-large size-large\" alt=\"\" srcset=\"https:\/\/www.biemen.com\/wp-content\/uploads\/2016\/07\/MECANIZADO-04.jpg 767w, https:\/\/www.biemen.com\/wp-content\/uploads\/2016\/07\/MECANIZADO-04-300x296.jpg 300w, https:\/\/www.biemen.com\/wp-content\/uploads\/2016\/07\/MECANIZADO-04-600x592.jpg 600w\" sizes=\"auto, (max-width: 767px) 100vw, 767px\" \/><\/div>\t\t<\/div>\r\n\t\t\t<\/article>\r\n\t<article class=\"w-grid-item post-259 attachment type-attachment status-inherit hentry\" data-id=\"259\">\r\n\t\t<div class=\"w-grid-item-h\">\r\n\t\t\t\t\t\t<div class=\"w-post-elm post_image usg_post_image_1 stretched\"><img loading=\"lazy\" decoding=\"async\" width=\"699\" height=\"689\" src=\"https:\/\/www.biemen.com\/wp-content\/uploads\/2016\/07\/MECANIZADO-03.jpg\" class=\"attachment-large size-large\" alt=\"\" srcset=\"https:\/\/www.biemen.com\/wp-content\/uploads\/2016\/07\/MECANIZADO-03.jpg 699w, https:\/\/www.biemen.com\/wp-content\/uploads\/2016\/07\/MECANIZADO-03-300x296.jpg 300w, https:\/\/www.biemen.com\/wp-content\/uploads\/2016\/07\/MECANIZADO-03-600x591.jpg 600w\" sizes=\"auto, (max-width: 699px) 100vw, 699px\" \/><\/div>\t\t<\/div>\r\n\t\t\t<\/article>\r\n\t<article class=\"w-grid-item post-258 attachment type-attachment status-inherit hentry\" data-id=\"258\">\r\n\t\t<div class=\"w-grid-item-h\">\r\n\t\t\t\t\t\t<div class=\"w-post-elm post_image usg_post_image_1 stretched\"><img loading=\"lazy\" decoding=\"async\" width=\"879\" height=\"869\" src=\"https:\/\/www.biemen.com\/wp-content\/uploads\/2016\/07\/MECANIZADO-02.jpg\" class=\"attachment-large size-large\" alt=\"\" srcset=\"https:\/\/www.biemen.com\/wp-content\/uploads\/2016\/07\/MECANIZADO-02.jpg 879w, https:\/\/www.biemen.com\/wp-content\/uploads\/2016\/07\/MECANIZADO-02-300x297.jpg 300w, https:\/\/www.biemen.com\/wp-content\/uploads\/2016\/07\/MECANIZADO-02-768x759.jpg 768w, https:\/\/www.biemen.com\/wp-content\/uploads\/2016\/07\/MECANIZADO-02-600x593.jpg 600w\" sizes=\"auto, (max-width: 879px) 100vw, 879px\" \/><\/div>\t\t<\/div>\r\n\t\t\t<\/article>\r\n\t<article class=\"w-grid-item post-257 attachment type-attachment status-inherit hentry\" data-id=\"257\">\r\n\t\t<div class=\"w-grid-item-h\">\r\n\t\t\t\t\t\t<div class=\"w-post-elm post_image usg_post_image_1 stretched\"><img loading=\"lazy\" decoding=\"async\" width=\"698\" height=\"688\" src=\"https:\/\/www.biemen.com\/wp-content\/uploads\/2016\/07\/MECANIZADO-01.jpg\" class=\"attachment-large size-large\" alt=\"\" srcset=\"https:\/\/www.biemen.com\/wp-content\/uploads\/2016\/07\/MECANIZADO-01.jpg 698w, https:\/\/www.biemen.com\/wp-content\/uploads\/2016\/07\/MECANIZADO-01-300x296.jpg 300w, https:\/\/www.biemen.com\/wp-content\/uploads\/2016\/07\/MECANIZADO-01-600x591.jpg 600w\" sizes=\"auto, (max-width: 698px) 100vw, 698px\" \/><\/div>\t\t<\/div>\r\n\t\t\t<\/article>\r\n<\/div><div class=\"w-grid-carousel-json hidden\" onclick='return {&quot;carousel_settings&quot;:{&quot;aria_labels&quot;:{&quot;prev&quot;:&quot;Anterior&quot;,&quot;next&quot;:&quot;Seg\\u00fcent&quot;},&quot;autoplayContinual&quot;:false,&quot;autoplayHoverPause&quot;:false,&quot;autoplayTimeout&quot;:3000,&quot;autoWidth&quot;:false,&quot;smartSpeed&quot;:800,&quot;margin&quot;:0,&quot;mouseDrag&quot;:true,&quot;rtl&quot;:false,&quot;slideBy&quot;:&quot;1&quot;,&quot;touchDrag&quot;:true,&quot;slideTransition&quot;:&quot;&quot;,&quot;responsive&quot;:{&quot;0&quot;:{&quot;autoHeight&quot;:false,&quot;autoplay&quot;:true,&quot;autoWidth&quot;:false,&quot;center&quot;:false,&quot;dots&quot;:false,&quot;items&quot;:1,&quot;loop&quot;:true,&quot;nav&quot;:false,&quot;stagePadding&quot;:0,&quot;slideBy&quot;:&quot;1&quot;},&quot;601&quot;:{&quot;autoHeight&quot;:false,&quot;autoplay&quot;:true,&quot;autoWidth&quot;:false,&quot;center&quot;:false,&quot;dots&quot;:false,&quot;items&quot;:2,&quot;loop&quot;:true,&quot;nav&quot;:true,&quot;stagePadding&quot;:0,&quot;slideBy&quot;:&quot;1&quot;},&quot;1025&quot;:{&quot;autoHeight&quot;:false,&quot;autoplay&quot;:true,&quot;autoWidth&quot;:false,&quot;center&quot;:false,&quot;dots&quot;:false,&quot;items&quot;:3,&quot;loop&quot;:true,&quot;nav&quot;:true,&quot;stagePadding&quot;:0,&quot;slideBy&quot;:&quot;1&quot;},&quot;1381&quot;:{&quot;items&quot;:4,&quot;autoplay&quot;:true,&quot;center&quot;:false,&quot;dots&quot;:false,&quot;nav&quot;:true,&quot;autoHeight&quot;:false,&quot;autoWidth&quot;:false,&quot;loop&quot;:false,&quot;stagePadding&quot;:0}}}}'><\/div><\/div><div class=\"w-separator size_custom\" style=\"height:32px\"><\/div><div class=\"wpb_text_column\"><div class=\"wpb_wrapper\"><p>Sota pla podem treballar en la producci\u00f3 de peces especials d&#8217;acord a les necessitats dels nostres clients, sent possible la fabricaci\u00f3 en diferents materials, com ara acer carboni, acer inoxidable AISI316, llaut\u00f3 &#8230;, gestionant si fos necessari els tractaments t\u00e8rmics i superficials necessaris.\u00a0Possibilitat de decolletatge tant en torns CNC com en torns multihusillos.<\/p>\n<\/div><\/div><div class=\"w-btn-wrapper align_center\"><a class=\"w-btn us-btn-style_1 us_custom_db441812 icon_atleft\" target=\" _blank\" rel=\"nofollow\" href=\"http:\/\/www.biemen.com\/wp-content\/uploads\/2019\/07\/19.07.08CATALOGOv190708HIDRAULICACODIGOS2019.pdf\"><i class=\"fas fa-file-pdf\"><\/i><span class=\"w-btn-label\">DESCARREGA EL CAT\u00c0LEG COMPLET<\/span><\/a><\/div><\/div><\/div><\/div><\/div><\/div><\/section><section class=\"l-section wpb_row us_custom_ee4b160b has_text_color height_medium\"><div class=\"l-section-h i-cf\"><div class=\"g-cols vc_row via_flex valign_top type_default stacking_default\"><div class=\"vc_col-sm-4 wpb_column vc_column_container\"><div class=\"vc_column-inner\"><div class=\"wpb_wrapper\"><div class=\"wpb_text_column\"><div class=\"wpb_wrapper\"><h5 style=\"text-align: center;\">ACER AL CARBONI<\/h5>\n<\/div><\/div><div class=\"w-separator separator-section size_small with_line width_default thick_2 style_solid color_border align_center with_content\"><div class=\"w-separator-h\"><i class=\"fas fa-angle-down\"><\/i><\/div><\/div><div class=\"wpb_text_column\"><div class=\"wpb_wrapper\"><p>Alguns sectors d\u2019aplicaci\u00f3:<\/p>\n<ul>\n<li>Maquin\u00e0ria obra publica<\/li>\n<li>Maquin\u00e0ria agr\u00edcola<\/li>\n<li>Camions, bolquets basculants, remolcs&#8230;..<\/li>\n<li>Ind\u00fastria qu\u00edmica<\/li>\n<li>Ind\u00fastria farmac\u00e8utica<\/li>\n<li>Ind\u00fastria aliment\u00e0ria<\/li>\n<li>Ind\u00fastria naval i pesquera<\/li>\n<li>Equips i instal\u00b7lacions de neteja a alta pressi\u00f3<\/li>\n<li>Maquin\u00e0ria i instal\u00b7lacions industrials<\/li>\n<\/ul>\n<\/div><\/div><\/div><\/div><\/div><div class=\"vc_col-sm-4 wpb_column vc_column_container\"><div class=\"vc_column-inner\"><div class=\"wpb_wrapper\"><div class=\"wpb_text_column\"><div class=\"wpb_wrapper\"><h5 style=\"text-align: center;\">ACER INOXIDABLE AISI316<\/h5>\n<\/div><\/div><div class=\"w-separator separator-section size_small with_line width_default thick_2 style_solid color_border align_center with_content\"><div class=\"w-separator-h\"><i class=\"fas fa-angle-down\"><\/i><\/div><\/div><div class=\"wpb_text_column\"><div class=\"wpb_wrapper\"><p>Alguns sectors d\u2019aplicaci\u00f3:<\/p>\n<ul>\n<li>Ind\u00fastria qu\u00edmica<\/li>\n<li>Ind\u00fastria farmac\u00e8utica<\/li>\n<li>Ind\u00fastria aliment\u00e0ria<\/li>\n<li>Ind\u00fastria naval i pesquera<\/li>\n<li>Equips i instal\u00b7lacions de neteja a alta pressi\u00f3<\/li>\n<li>Maquin\u00e0ria i instal\u00b7lacions industrials<\/li>\n<\/ul>\n<\/div><\/div><\/div><\/div><\/div><div class=\"vc_col-sm-4 wpb_column vc_column_container\"><div class=\"vc_column-inner\"><div class=\"wpb_wrapper\"><div class=\"wpb_text_column\"><div class=\"wpb_wrapper\"><h5 style=\"text-align: center;\">LLAUTO<\/h5>\n<\/div><\/div><div class=\"w-separator separator-section size_small with_line width_default thick_2 style_solid color_border align_center with_content\"><div class=\"w-separator-h\"><i class=\"fas fa-angle-down\"><\/i><\/div><\/div><div class=\"wpb_text_column\"><div class=\"wpb_wrapper\"><p>Alguns sectors d\u2019aplicaci\u00f3:<\/p>\n<ul>\n<li>Ind\u00fastria naval i pesquera<\/li>\n<li>Equips i instal\u00b7lacions de neteja a alta pressi\u00f3<\/li>\n<li>Maquin\u00e0ria i instal\u00b7lacions industrials<\/li>\n<\/ul>\n<\/div><\/div><\/div><\/div><\/div><\/div><\/div><\/section>","protected":false},"excerpt":{"rendered":"","protected":false},"author":4,"featured_media":0,"parent":0,"menu_order":0,"comment_status":"closed","ping_status":"closed","template":"","meta":{"footnotes":""},"class_list":["post-256","page","type-page","status-publish","hentry"],"_links":{"self":[{"href":"https:\/\/www.biemen.com\/ca\/wp-json\/wp\/v2\/pages\/256","targetHints":{"allow":["GET"]}}],"collection":[{"href":"https:\/\/www.biemen.com\/ca\/wp-json\/wp\/v2\/pages"}],"about":[{"href":"https:\/\/www.biemen.com\/ca\/wp-json\/wp\/v2\/types\/page"}],"author":[{"embeddable":true,"href":"https:\/\/www.biemen.com\/ca\/wp-json\/wp\/v2\/users\/4"}],"replies":[{"embeddable":true,"href":"https:\/\/www.biemen.com\/ca\/wp-json\/wp\/v2\/comments?post=256"}],"version-history":[{"count":5,"href":"https:\/\/www.biemen.com\/ca\/wp-json\/wp\/v2\/pages\/256\/revisions"}],"predecessor-version":[{"id":1464,"href":"https:\/\/www.biemen.com\/ca\/wp-json\/wp\/v2\/pages\/256\/revisions\/1464"}],"wp:attachment":[{"href":"https:\/\/www.biemen.com\/ca\/wp-json\/wp\/v2\/media?parent=256"}],"curies":[{"name":"wp","href":"https:\/\/api.w.org\/{rel}","templated":true}]}}