{"id":378,"date":"2016-07-29T10:23:08","date_gmt":"2016-07-29T10:23:08","guid":{"rendered":"http:\/\/www.biemen.com\/?page_id=378"},"modified":"2021-01-18T09:01:44","modified_gmt":"2021-01-18T09:01:44","slug":"noticias","status":"publish","type":"page","link":"https:\/\/www.biemen.com\/ca\/noticias\/","title":{"rendered":"NOT\u00cdCIES"},"content":{"rendered":"<section class=\"l-section wpb_row height_medium\"><div class=\"l-section-h i-cf\"><div class=\"g-cols vc_row via_flex valign_top type_default stacking_default\"><div class=\"vc_col-sm-12 wpb_column vc_column_container\"><div class=\"vc_column-inner\"><div class=\"wpb_wrapper\"><div class=\"w-grid us_grid type_grid layout_1208 cols_1 pagination_ajax preload_style_spinner\" id=\"us_grid_4\" style=\"--columns:1;--gap:5rem;\" data-filterable=\"true\"><div class=\"w-grid-list\">\t<article class=\"w-grid-item size_1x1 post-1068 post type-post status-publish format-standard has-post-thumbnail hentry category-sin-categoria\" data-id=\"1068\">\r\n\t\t<div class=\"w-grid-item-h\">\r\n\t\t\t\t\t\t<div class=\"w-hwrapper usg_hwrapper_1 align_left valign_top wrap\"><div class=\"w-post-elm post_image usg_post_image_1 has_width has_ratio\"><a href=\"https:\/\/www.biemen.com\/ca\/metalbunas\/\" aria-label=\"METALBUNES\"><img loading=\"lazy\" decoding=\"async\" width=\"173\" height=\"166\" src=\"https:\/\/www.biemen.com\/wp-content\/uploads\/2019\/07\/METALBUNA02.jpg\" class=\"attachment-us_600_600_crop size-us_600_600_crop wp-post-image\" alt=\"\" \/><\/a><div style=\"padding-bottom:100%\"><\/div><\/div><div class=\"w-vwrapper usg_vwrapper_1 align_left valign_top\"><h2 class=\"w-post-elm post_title usg_post_title_1 has_text_color entry-title color_link_inherit\"><a href=\"https:\/\/www.biemen.com\/ca\/metalbunas\/\">METALBUNES<\/a><\/h2><div class=\"w-hwrapper usg_hwrapper_2 has_text_color align_left valign_top wrap\"><div class=\"w-post-elm post_taxonomy usg_post_taxonomy_1 style_simple color_link_inherit\"><i class=\"fas fa-folder-open\"><\/i><a class=\"term-1 term-sin-categoria\" href=\"https:\/\/www.biemen.com\/ca\/category\/sin-categoria\/\"><span class=\"w-btn-label\">ENDOLLS RAPIDS<\/span><\/a><\/div><\/div><div class=\"w-post-elm post_content usg_post_content_1\">Els informem que tenim disponible una nova tarifa per a les nostres Metalbunes (USIT), amb preus nets especials. Les nostres volanderes metalopl\u00e0stiques (Metalbunes), estan fabricades en acer carboni i Nitril (NBR). Les nostres metall-bunes autocentrants garanteixen una total estanquitat en el tancament de r\u00e0cords, adaptadors roscats, endolls r\u00e0pids, v\u00e0lvules hidr\u00e0uliques &#8230;, disponibles per a rosques,&hellip;<\/div><a class=\"w-btn us-btn-style_2 usg_btn_1\" href=\"https:\/\/www.biemen.com\/ca\/metalbunas\/\"><span class=\"w-btn-label\">Leer m\u00e1s<\/span><\/a><\/div><\/div>\t\t<\/div>\r\n\t\t\t<\/article>\r\n\t<article class=\"w-grid-item size_1x1 post-780 post type-post status-publish format-standard has-post-thumbnail hentry category-sin-categoria\" data-id=\"780\">\r\n\t\t<div class=\"w-grid-item-h\">\r\n\t\t\t\t\t\t<div class=\"w-hwrapper usg_hwrapper_1 align_left valign_top wrap\"><div class=\"w-post-elm post_image usg_post_image_1 has_width has_ratio\"><a href=\"https:\/\/www.biemen.com\/ca\/enchufes-sistema-de-frenado\/\" aria-label=\"ENDOLLS SISTEMA DE FRE\"><img loading=\"lazy\" decoding=\"async\" width=\"600\" height=\"600\" src=\"https:\/\/www.biemen.com\/wp-content\/uploads\/2017\/12\/VF-IFR-PFT-VF8T-VF8R-VB-BP-074F-TB-5676-BK-Q9000-600x600.jpg\" class=\"attachment-us_600_600_crop size-us_600_600_crop wp-post-image\" alt=\"\" \/><\/a><div style=\"padding-bottom:100%\"><\/div><\/div><div class=\"w-vwrapper usg_vwrapper_1 align_left valign_top\"><h2 class=\"w-post-elm post_title usg_post_title_1 has_text_color entry-title color_link_inherit\"><a href=\"https:\/\/www.biemen.com\/ca\/enchufes-sistema-de-frenado\/\">ENDOLLS SISTEMA DE FRE<\/a><\/h2><div class=\"w-hwrapper usg_hwrapper_2 has_text_color align_left valign_top wrap\"><div class=\"w-post-elm post_taxonomy usg_post_taxonomy_1 style_simple color_link_inherit\"><i class=\"fas fa-folder-open\"><\/i><a class=\"term-1 term-sin-categoria\" href=\"https:\/\/www.biemen.com\/ca\/category\/sin-categoria\/\"><span class=\"w-btn-label\">ENDOLLS RAPIDS<\/span><\/a><\/div><\/div><div class=\"w-post-elm post_content usg_post_content_1\">Els endolls pel sistema de fre VF8 compleixen les normes ISO 5676 \/ ISO \/ TC23 \/ PFU 16-006 i s\u00f3n 100% intercanviables amb la resta d&#8217;endolls fabricats sota aquestes normes, com els, VF, IFR, PFT, VF8T, VF8R, VB, BP , 074F, TB, 5676, BK, Q9000, VFL1222, VFL3022, VFL3021, VFL3020, 3800, entre d&#8217;altres. Els endolls&hellip;<\/div><a class=\"w-btn us-btn-style_2 usg_btn_1\" href=\"https:\/\/www.biemen.com\/ca\/enchufes-sistema-de-frenado\/\"><span class=\"w-btn-label\">Leer m\u00e1s<\/span><\/a><\/div><\/div>\t\t<\/div>\r\n\t\t\t<\/article>\r\n\t<article class=\"w-grid-item size_1x1 post-771 post type-post status-publish format-standard has-post-thumbnail hentry category-sin-categoria\" data-id=\"771\">\r\n\t\t<div class=\"w-grid-item-h\">\r\n\t\t\t\t\t\t<div class=\"w-hwrapper usg_hwrapper_1 align_left valign_top wrap\"><div class=\"w-post-elm post_image usg_post_image_1 has_width has_ratio\"><a href=\"https:\/\/www.biemen.com\/ca\/enchufes-push-pull-cpp1\/\" aria-label=\"ENDOLLS RAPIDS PUSH-PULL CPP1\"><img loading=\"lazy\" decoding=\"async\" width=\"600\" height=\"600\" src=\"https:\/\/www.biemen.com\/wp-content\/uploads\/2017\/12\/3CFPV-RSD-9404-PPK3-PPK4-S70-4SFPV-VFL3002-VFL3030-600x600.jpg\" class=\"attachment-us_600_600_crop size-us_600_600_crop wp-post-image\" alt=\"\" \/><\/a><div style=\"padding-bottom:100%\"><\/div><\/div><div class=\"w-vwrapper usg_vwrapper_1 align_left valign_top\"><h2 class=\"w-post-elm post_title usg_post_title_1 has_text_color entry-title color_link_inherit\"><a href=\"https:\/\/www.biemen.com\/ca\/enchufes-push-pull-cpp1\/\">ENDOLLS RAPIDS PUSH-PULL CPP1<\/a><\/h2><div class=\"w-hwrapper usg_hwrapper_2 has_text_color align_left valign_top wrap\"><div class=\"w-post-elm post_taxonomy usg_post_taxonomy_1 style_simple color_link_inherit\"><i class=\"fas fa-folder-open\"><\/i><a class=\"term-1 term-sin-categoria\" href=\"https:\/\/www.biemen.com\/ca\/category\/sin-categoria\/\"><span class=\"w-btn-label\">ENDOLLS RAPIDS<\/span><\/a><\/div><\/div><div class=\"w-post-elm post_content usg_post_content_1\">Els endolls r\u00e0pids de la s\u00e8rie CPP1 (IAP) han estat dissenyats principalment pel \u00a0muntatge en tractors agr\u00edcoles, s\u00f3n tipus PUSH-PULL i permeten la connexi\u00f3 amb pressi\u00f3 residual en el circuit hidr\u00e0ulic. Compleixen amb la norma ISO 7241-A (ISO-A) i ISO 5675, i s\u00f3n intercanviables amb models similars existents al mercat (3CFPV, RSD, 9404, PPK3, PPK4,&hellip;<\/div><a class=\"w-btn us-btn-style_2 usg_btn_1\" href=\"https:\/\/www.biemen.com\/ca\/enchufes-push-pull-cpp1\/\"><span class=\"w-btn-label\">Leer m\u00e1s<\/span><\/a><\/div><\/div>\t\t<\/div>\r\n\t\t\t<\/article>\r\n\t<article class=\"w-grid-item size_1x1 post-748 post type-post status-publish format-standard has-post-thumbnail hentry category-sin-categoria\" data-id=\"748\">\r\n\t\t<div class=\"w-grid-item-h\">\r\n\t\t\t\t\t\t<div class=\"w-hwrapper usg_hwrapper_1 align_left valign_top wrap\"><div class=\"w-post-elm post_image usg_post_image_1 has_width has_ratio\"><a href=\"https:\/\/www.biemen.com\/ca\/enchufes-rapidos-iso-a-iso-7241-a\/\" aria-label=\"ENDOLLS RAPIDS ISO-A (ISO 7241-A)\"><img loading=\"lazy\" decoding=\"async\" width=\"600\" height=\"600\" src=\"https:\/\/www.biemen.com\/wp-content\/uploads\/2017\/11\/ISO-A-ANV-PAV-BIR-ISA-IA-5600-6600-7241-INTEVA-8-600x600.jpg\" class=\"attachment-us_600_600_crop size-us_600_600_crop wp-post-image\" alt=\"\" \/><\/a><div style=\"padding-bottom:100%\"><\/div><\/div><div class=\"w-vwrapper usg_vwrapper_1 align_left valign_top\"><h2 class=\"w-post-elm post_title usg_post_title_1 has_text_color entry-title color_link_inherit\"><a href=\"https:\/\/www.biemen.com\/ca\/enchufes-rapidos-iso-a-iso-7241-a\/\">ENDOLLS RAPIDS ISO-A (ISO 7241-A)<\/a><\/h2><div class=\"w-hwrapper usg_hwrapper_2 has_text_color align_left valign_top wrap\"><div class=\"w-post-elm post_taxonomy usg_post_taxonomy_1 style_simple color_link_inherit\"><i class=\"fas fa-folder-open\"><\/i><a class=\"term-1 term-sin-categoria\" href=\"https:\/\/www.biemen.com\/ca\/category\/sin-categoria\/\"><span class=\"w-btn-label\">ENDOLLS RAPIDS<\/span><\/a><\/div><\/div><div class=\"w-post-elm post_content usg_post_content_1\">Els endolls r\u00e0pids ISA \/ ANV1 estan fabricats sota la norma ISO 7241-A (ISO-A) i incorporen tancament a v\u00e0lvula (Punx\u00f3), intercanviables amb la resta d&#8217;endolls r\u00e0pids hidr\u00e0ulics fabricats sota la norma ISO7241-A, IA, BIR, PAV1, ANB , 6600, 5600, 101., entre d&#8217;altres. Els endolls hidr\u00e0ulics ISO-A estan disponibles en acer carboni, acer inoxidable AISI316 i&hellip;<\/div><a class=\"w-btn us-btn-style_2 usg_btn_1\" href=\"https:\/\/www.biemen.com\/ca\/enchufes-rapidos-iso-a-iso-7241-a\/\"><span class=\"w-btn-label\">Leer m\u00e1s<\/span><\/a><\/div><\/div>\t\t<\/div>\r\n\t\t\t<\/article>\r\n\t<article class=\"w-grid-item size_1x1 post-696 post type-post status-publish format-standard has-post-thumbnail hentry category-sin-categoria\" data-id=\"696\">\r\n\t\t<div class=\"w-grid-item-h\">\r\n\t\t\t\t\t\t<div class=\"w-hwrapper usg_hwrapper_1 align_left valign_top wrap\"><div class=\"w-post-elm post_image usg_post_image_1 has_width has_ratio\"><a href=\"https:\/\/www.biemen.com\/ca\/enchufes-bobcat-ffc-4fi-para-bloques-bobcat-4bd4fh-y-4bd4fi\/\" aria-label=\"ENDOLLS BOBCAT FFC (4FI \/ 4FFI) PER BLOQUES BOBCAT\u00ae 4BD4FH i 4BD4FI\"><img loading=\"lazy\" decoding=\"async\" width=\"600\" height=\"600\" src=\"https:\/\/www.biemen.com\/wp-content\/uploads\/2017\/11\/FFC-BOBCAT-4BD4FH-4BD4FI--600x600.jpg\" class=\"attachment-us_600_600_crop size-us_600_600_crop wp-post-image\" alt=\"\" \/><\/a><div style=\"padding-bottom:100%\"><\/div><\/div><div class=\"w-vwrapper usg_vwrapper_1 align_left valign_top\"><h2 class=\"w-post-elm post_title usg_post_title_1 has_text_color entry-title color_link_inherit\"><a href=\"https:\/\/www.biemen.com\/ca\/enchufes-bobcat-ffc-4fi-para-bloques-bobcat-4bd4fh-y-4bd4fi\/\">ENDOLLS BOBCAT FFC (4FI \/ 4FFI) PER BLOQUES BOBCAT\u00ae 4BD4FH i 4BD4FI<\/a><\/h2><div class=\"w-hwrapper usg_hwrapper_2 has_text_color align_left valign_top wrap\"><div class=\"w-post-elm post_taxonomy usg_post_taxonomy_1 style_simple color_link_inherit\"><i class=\"fas fa-folder-open\"><\/i><a class=\"term-1 term-sin-categoria\" href=\"https:\/\/www.biemen.com\/ca\/category\/sin-categoria\/\"><span class=\"w-btn-label\">ENDOLLS RAPIDS<\/span><\/a><\/div><\/div><div class=\"w-post-elm post_content usg_post_content_1\">Incorporem a la nostra gamma de material hidr\u00e0ulic els nous endolls hidr\u00e0ulics tipus cares planes de la s\u00e8rie FFC, totalment compatibles amb els models 4FI,\u00a04FFI, dissenyats espec\u00edficament per al muntatge en els blocs BOBCAT\u00ae 4BD4FH y 4BD4FI (4BD4FFI). Els endolls hidr\u00e0ulics tipus cares planes de la s\u00e8rie FFC estan fabricats sota la norma ISO16028 i&hellip;<\/div><a class=\"w-btn us-btn-style_2 usg_btn_1\" href=\"https:\/\/www.biemen.com\/ca\/enchufes-bobcat-ffc-4fi-para-bloques-bobcat-4bd4fh-y-4bd4fi\/\"><span class=\"w-btn-label\">Leer m\u00e1s<\/span><\/a><\/div><\/div>\t\t<\/div>\r\n\t\t\t<\/article>\r\n\t<article class=\"w-grid-item size_1x1 post-655 post type-post status-publish format-standard has-post-thumbnail hentry category-sin-categoria\" data-id=\"655\">\r\n\t\t<div class=\"w-grid-item-h\">\r\n\t\t\t\t\t\t<div class=\"w-hwrapper usg_hwrapper_1 align_left valign_top wrap\"><div class=\"w-post-elm post_image usg_post_image_1 has_width has_ratio\"><a href=\"https:\/\/www.biemen.com\/ca\/llaves-de-paso-valvulas-de-bola\/\" aria-label=\"AIXETES HIDRAULIQUES ALTA PRESSIO &#8211; VALVULES DE BOLA &#8211; BKH2 \/ BKH3\"><img loading=\"lazy\" decoding=\"async\" width=\"419\" height=\"248\" src=\"https:\/\/www.biemen.com\/wp-content\/uploads\/2017\/10\/BKH2-BKL3.jpg\" class=\"attachment-us_600_600_crop size-us_600_600_crop wp-post-image\" alt=\"\" \/><\/a><div style=\"padding-bottom:100%\"><\/div><\/div><div class=\"w-vwrapper usg_vwrapper_1 align_left valign_top\"><h2 class=\"w-post-elm post_title usg_post_title_1 has_text_color entry-title color_link_inherit\"><a href=\"https:\/\/www.biemen.com\/ca\/llaves-de-paso-valvulas-de-bola\/\">AIXETES HIDRAULIQUES ALTA PRESSIO &#8211; VALVULES DE BOLA &#8211; BKH2 \/ BKH3<\/a><\/h2><div class=\"w-hwrapper usg_hwrapper_2 has_text_color align_left valign_top wrap\"><div class=\"w-post-elm post_taxonomy usg_post_taxonomy_1 style_simple color_link_inherit\"><i class=\"fas fa-folder-open\"><\/i><a class=\"term-1 term-sin-categoria\" href=\"https:\/\/www.biemen.com\/ca\/category\/sin-categoria\/\"><span class=\"w-btn-label\">ENDOLLS RAPIDS<\/span><\/a><\/div><\/div><div class=\"w-post-elm post_content usg_post_content_1\">Actualitzem la nostra gamma de aixetes hidr\u00e0uliques, amb nous preus altament competitius, tant per a les nostres BKH2 (BVC2, GE2, BKH, RS2, KHB)\u00a0(2 vies) disponibles en acer carboni i acer inoxidable AISI316, com per l&#8217;aixeta de pas\u00a0 BKL3 (3 vies) model que s&#8217;ofereix en dues versions, sortida central mascle i sortida central femella, aquesta versi\u00f3&hellip;<\/div><a class=\"w-btn us-btn-style_2 usg_btn_1\" href=\"https:\/\/www.biemen.com\/ca\/llaves-de-paso-valvulas-de-bola\/\"><span class=\"w-btn-label\">Leer m\u00e1s<\/span><\/a><\/div><\/div>\t\t<\/div>\r\n\t\t\t<\/article>\r\n\t<article class=\"w-grid-item size_1x1 post-651 post type-post status-publish format-standard has-post-thumbnail hentry category-sin-categoria\" data-id=\"651\">\r\n\t\t<div class=\"w-grid-item-h\">\r\n\t\t\t\t\t\t<div class=\"w-hwrapper usg_hwrapper_1 align_left valign_top wrap\"><div class=\"w-post-elm post_image usg_post_image_1 has_width has_ratio\"><a href=\"https:\/\/www.biemen.com\/ca\/enchufes-htn-tnv\/\" aria-label=\"ENDOLLS RAPIDS HTN (TNV)\"><img loading=\"lazy\" decoding=\"async\" width=\"600\" height=\"507\" src=\"https:\/\/www.biemen.com\/wp-content\/uploads\/2017\/09\/Enchufes-TNV-600x507.jpg\" class=\"attachment-us_600_600_crop size-us_600_600_crop wp-post-image\" alt=\"\" \/><\/a><div style=\"padding-bottom:100%\"><\/div><\/div><div class=\"w-vwrapper usg_vwrapper_1 align_left valign_top\"><h2 class=\"w-post-elm post_title usg_post_title_1 has_text_color entry-title color_link_inherit\"><a href=\"https:\/\/www.biemen.com\/ca\/enchufes-htn-tnv\/\">ENDOLLS RAPIDS HTN (TNV)<\/a><\/h2><div class=\"w-hwrapper usg_hwrapper_2 has_text_color align_left valign_top wrap\"><div class=\"w-post-elm post_taxonomy usg_post_taxonomy_1 style_simple color_link_inherit\"><i class=\"fas fa-folder-open\"><\/i><a class=\"term-1 term-sin-categoria\" href=\"https:\/\/www.biemen.com\/ca\/category\/sin-categoria\/\"><span class=\"w-btn-label\">ENDOLLS RAPIDS<\/span><\/a><\/div><\/div><div class=\"w-post-elm post_content usg_post_content_1\">Els hi presentem els nous endolls r\u00e0pids de la nostra s\u00e8rie HTN (TNV, H \/ IH, V), aquests endolls r\u00e0pids han estat dissenyats per a tot tipus d&#8217;aplicacions hidr\u00e0uliques, i son compatibles entre uns altres amb els models TNV. L&#8217;endoll r\u00e0pid HTN \u00e9s adequat per a diverses aplicacions en hidr\u00e0ulica, per\u00f2 un dels usos m\u00e9s&hellip;<\/div><a class=\"w-btn us-btn-style_2 usg_btn_1\" href=\"https:\/\/www.biemen.com\/ca\/enchufes-htn-tnv\/\"><span class=\"w-btn-label\">Leer m\u00e1s<\/span><\/a><\/div><\/div>\t\t<\/div>\r\n\t\t\t<\/article>\r\n\t<article class=\"w-grid-item size_1x1 post-642 post type-post status-publish format-standard has-post-thumbnail hentry category-sin-categoria\" data-id=\"642\">\r\n\t\t<div class=\"w-grid-item-h\">\r\n\t\t\t\t\t\t<div class=\"w-hwrapper usg_hwrapper_1 align_left valign_top wrap\"><div class=\"w-post-elm post_image usg_post_image_1 has_width has_ratio\"><a href=\"https:\/\/www.biemen.com\/ca\/racores-hidraulicos\/\" aria-label=\"R\u00c0CORDS HIDR\u00c0ULICS\"><img loading=\"lazy\" decoding=\"async\" width=\"600\" height=\"600\" src=\"https:\/\/www.biemen.com\/wp-content\/uploads\/2017\/06\/PORTADA-RACORES-v170601-600x600.gif\" class=\"attachment-us_600_600_crop size-us_600_600_crop wp-post-image\" alt=\"\" \/><\/a><div style=\"padding-bottom:100%\"><\/div><\/div><div class=\"w-vwrapper usg_vwrapper_1 align_left valign_top\"><h2 class=\"w-post-elm post_title usg_post_title_1 has_text_color entry-title color_link_inherit\"><a href=\"https:\/\/www.biemen.com\/ca\/racores-hidraulicos\/\">R\u00c0CORDS HIDR\u00c0ULICS<\/a><\/h2><div class=\"w-hwrapper usg_hwrapper_2 has_text_color align_left valign_top wrap\"><div class=\"w-post-elm post_taxonomy usg_post_taxonomy_1 style_simple color_link_inherit\"><i class=\"fas fa-folder-open\"><\/i><a class=\"term-1 term-sin-categoria\" href=\"https:\/\/www.biemen.com\/ca\/category\/sin-categoria\/\"><span class=\"w-btn-label\">ENDOLLS RAPIDS<\/span><\/a><\/div><\/div><div class=\"w-post-elm post_content usg_post_content_1\">Ens\u00a0alegra informar a tots els nostres clients que ja tenim a la seva disposici\u00f3 el nostre nou cat\u00e0leg i tarifa de preus de r\u00e0cords hidr\u00e0ulics, disponibles en tot tipus de rosques, BSP, JIC, DIN2353, NPT, BSPT &#8230;, aquest nou cat\u00e0leg \u00e0mplia la nostra gamma de terminals per al muntatge de m\u00e0negues hidr\u00e0uliques que fins al&hellip;<\/div><a class=\"w-btn us-btn-style_2 usg_btn_1\" href=\"https:\/\/www.biemen.com\/ca\/racores-hidraulicos\/\"><span class=\"w-btn-label\">Leer m\u00e1s<\/span><\/a><\/div><\/div>\t\t<\/div>\r\n\t\t\t<\/article>\r\n\t<article class=\"w-grid-item size_1x1 post-637 post type-post status-publish format-standard has-post-thumbnail hentry category-sin-categoria\" data-id=\"637\">\r\n\t\t<div class=\"w-grid-item-h\">\r\n\t\t\t\t\t\t<div class=\"w-hwrapper usg_hwrapper_1 align_left valign_top wrap\"><div class=\"w-post-elm post_image usg_post_image_1 has_width has_ratio\"><a href=\"https:\/\/www.biemen.com\/ca\/enchufes-rapidos-caras-planas\/\" aria-label=\"ENDOLLS RAPIDS CARES PLANES ISO16028 &#8211; ECOL\u00d2GICS\"><img loading=\"lazy\" decoding=\"async\" width=\"567\" height=\"263\" src=\"https:\/\/www.biemen.com\/wp-content\/uploads\/2017\/05\/B-CARAS-PLANAS-PLT4-FFN-2FFI-FFH-FIRG-PLT1-HQ-FH-FLAT-FACE.jpg\" class=\"attachment-us_600_600_crop size-us_600_600_crop wp-post-image\" alt=\"\" \/><\/a><div style=\"padding-bottom:100%\"><\/div><\/div><div class=\"w-vwrapper usg_vwrapper_1 align_left valign_top\"><h2 class=\"w-post-elm post_title usg_post_title_1 has_text_color entry-title color_link_inherit\"><a href=\"https:\/\/www.biemen.com\/ca\/enchufes-rapidos-caras-planas\/\">ENDOLLS RAPIDS CARES PLANES ISO16028 &#8211; ECOL\u00d2GICS<\/a><\/h2><div class=\"w-hwrapper usg_hwrapper_2 has_text_color align_left valign_top wrap\"><div class=\"w-post-elm post_taxonomy usg_post_taxonomy_1 style_simple color_link_inherit\"><i class=\"fas fa-folder-open\"><\/i><a class=\"term-1 term-sin-categoria\" href=\"https:\/\/www.biemen.com\/ca\/category\/sin-categoria\/\"><span class=\"w-btn-label\">ENDOLLS RAPIDS<\/span><\/a><\/div><\/div><div class=\"w-post-elm post_content usg_post_content_1\">Els informem que tenim disponible una nova fitxa t\u00e8cnica per als nostres endolls r\u00e0pids s\u00e8rie FFA (FAR1, HQ, FFH, PLT1 PLT4, CPR, CPL, A, FIRG, X62, FH,\u00a0FD89 \/ FD49,\u00a0 FE, HT&#8230;.) produ\u00efts d&#8217;acord la norma ISO16028, aquesta nova fitxa s&#8217;inclour\u00e0 en la propera edici\u00f3 del nostre cat\u00e0leg general d&#8217;endolls hidr\u00e0ulics i v\u00e0lvules hidr\u00e0uliques que estar\u00e0&hellip;<\/div><a class=\"w-btn us-btn-style_2 usg_btn_1\" href=\"https:\/\/www.biemen.com\/ca\/enchufes-rapidos-caras-planas\/\"><span class=\"w-btn-label\">Leer m\u00e1s<\/span><\/a><\/div><\/div>\t\t<\/div>\r\n\t\t\t<\/article>\r\n\t<article class=\"w-grid-item size_1x1 post-619 post type-post status-publish format-standard has-post-thumbnail hentry category-sin-categoria\" data-id=\"619\">\r\n\t\t<div class=\"w-grid-item-h\">\r\n\t\t\t\t\t\t<div class=\"w-hwrapper usg_hwrapper_1 align_left valign_top wrap\"><div class=\"w-post-elm post_image usg_post_image_1 has_width has_ratio\"><a href=\"https:\/\/www.biemen.com\/ca\/aparcadores-enchufes-rapidos-iso-a-7241-a\/\" aria-label=\"APARCADORS ENDOLLS R\u00c0PIDS ISO-A (7241-A)\"><img loading=\"lazy\" decoding=\"async\" width=\"600\" height=\"600\" src=\"https:\/\/www.biemen.com\/wp-content\/uploads\/2017\/03\/aparcador-ISO-A-7241A-enchufe-ISO7241A-2-600x600.jpg\" class=\"attachment-us_600_600_crop size-us_600_600_crop wp-post-image\" alt=\"\" \/><\/a><div style=\"padding-bottom:100%\"><\/div><\/div><div class=\"w-vwrapper usg_vwrapper_1 align_left valign_top\"><h2 class=\"w-post-elm post_title usg_post_title_1 has_text_color entry-title color_link_inherit\"><a href=\"https:\/\/www.biemen.com\/ca\/aparcadores-enchufes-rapidos-iso-a-7241-a\/\">APARCADORS ENDOLLS R\u00c0PIDS ISO-A (7241-A)<\/a><\/h2><div class=\"w-hwrapper usg_hwrapper_2 has_text_color align_left valign_top wrap\"><div class=\"w-post-elm post_taxonomy usg_post_taxonomy_1 style_simple color_link_inherit\"><i class=\"fas fa-folder-open\"><\/i><a class=\"term-1 term-sin-categoria\" href=\"https:\/\/www.biemen.com\/ca\/category\/sin-categoria\/\"><span class=\"w-btn-label\">ENDOLLS RAPIDS<\/span><\/a><\/div><\/div><div class=\"w-post-elm post_content usg_post_content_1\">Els hi presentem els nostres\u00a0nous aparcadors (aparcaments) ISA1-12B4-PK, per a les parts mascles dels endolls r\u00e0pids tipus ISO-A (7241-A) en 1\/2&#8243; (ISA, ANV1, PAV1, ISO-A,\u00a0BIR,\u00a0ANV, S.14432). Aquests Aparcadors permeten mantenir recollits les m\u00e0negues hidr\u00e0uliques situades en els remolcs agr\u00edcoles o qualsevol altre tipus de maquines, evitant el seu deteriorament o que s&#8217;embrutin quan l&#8217;endoll r\u00e0pid&hellip;<\/div><a class=\"w-btn us-btn-style_2 usg_btn_1\" href=\"https:\/\/www.biemen.com\/ca\/aparcadores-enchufes-rapidos-iso-a-7241-a\/\"><span class=\"w-btn-label\">Leer m\u00e1s<\/span><\/a><\/div><\/div>\t\t<\/div>\r\n\t\t\t<\/article>\r\n<\/div>\t<div class=\"w-grid-preloader\">\r\n\t\t<div class=\"g-preloader type_1\">\r\n\t\t\t<div><\/div>\r\n\t\t<\/div>\r\n\t<\/div>\r\n\t\t\t\t<div class=\"g-loadmore  width_full\">\r\n\t\t\t\t<div class=\"g-preloader type_1\">\r\n\t\t\t\t\t<div><\/div>\r\n\t\t\t\t<\/div>\r\n\t\t\t\t<button class=\"w-btn us-btn-style_2\" style=\"font-size:1.2rem;\">\r\n\t\t\t\t\t<span class=\"w-btn-label\">Carregar m\u00e9s<\/span>\r\n\t\t\t\t<\/button>\r\n\t\t\t<\/div>\r\n\t\t\t\t<div class=\"w-grid-json hidden\" onclick='return {&quot;action&quot;:&quot;us_ajax_grid&quot;,&quot;infinite_scroll&quot;:0,&quot;max_num_pages&quot;:2,&quot;pagination&quot;:&quot;ajax&quot;,&quot;template_vars&quot;:{&quot;columns&quot;:&quot;1&quot;,&quot;exclude_items&quot;:&quot;none&quot;,&quot;img_size&quot;:&quot;default&quot;,&quot;ignore_items_size&quot;:0,&quot;items_layout&quot;:&quot;1208&quot;,&quot;items_offset&quot;:&quot;1&quot;,&quot;load_animation&quot;:&quot;none&quot;,&quot;overriding_link&quot;:&quot;{\\&quot;url\\&quot;:\\&quot;\\&quot;}&quot;,&quot;post_id&quot;:0,&quot;query_args&quot;:{&quot;post_type&quot;:[&quot;post&quot;],&quot;post_status&quot;:[&quot;publish&quot;],&quot;posts_per_page&quot;:&quot;10&quot;},&quot;orderby_query_args&quot;:{&quot;orderby&quot;:{&quot;date&quot;:&quot;DESC&quot;}},&quot;type&quot;:&quot;grid&quot;,&quot;us_grid_post_type&quot;:&quot;post&quot;,&quot;us_grid_ajax_index&quot;:4,&quot;us_grid_filter_query_string&quot;:null,&quot;us_grid_index&quot;:4,&quot;page_args&quot;:[]}}'><\/div>\r\n\t<\/div><\/div><\/div><\/div><\/div><\/div><\/section>","protected":false},"excerpt":{"rendered":"Els hi presentem els nostres\u00a0nous aparcadors (aparcaments) ISA1-12B4-PK, per a les parts mascles dels endolls r\u00e0pids tipus ISO-A (7241-A) en 1\/2\" (ISA, ANV1, PAV1, ISO-A,\u00a0BIR,\u00a0ANV, S.14432). Aquests Aparcadors permeten mantenir recollits les m\u00e0negues hidr\u00e0uliques situades en els remolcs agr\u00edcoles o qualsevol altre tipus de maquines, evitant el seu deteriorament o que s'embrutin quan l'endoll r\u00e0pid...","protected":false},"author":4,"featured_media":0,"parent":0,"menu_order":0,"comment_status":"closed","ping_status":"closed","template":"","meta":{"footnotes":""},"class_list":["post-378","page","type-page","status-publish","hentry"],"_links":{"self":[{"href":"https:\/\/www.biemen.com\/ca\/wp-json\/wp\/v2\/pages\/378","targetHints":{"allow":["GET"]}}],"collection":[{"href":"https:\/\/www.biemen.com\/ca\/wp-json\/wp\/v2\/pages"}],"about":[{"href":"https:\/\/www.biemen.com\/ca\/wp-json\/wp\/v2\/types\/page"}],"author":[{"embeddable":true,"href":"https:\/\/www.biemen.com\/ca\/wp-json\/wp\/v2\/users\/4"}],"replies":[{"embeddable":true,"href":"https:\/\/www.biemen.com\/ca\/wp-json\/wp\/v2\/comments?post=378"}],"version-history":[{"count":5,"href":"https:\/\/www.biemen.com\/ca\/wp-json\/wp\/v2\/pages\/378\/revisions"}],"predecessor-version":[{"id":1284,"href":"https:\/\/www.biemen.com\/ca\/wp-json\/wp\/v2\/pages\/378\/revisions\/1284"}],"wp:attachment":[{"href":"https:\/\/www.biemen.com\/ca\/wp-json\/wp\/v2\/media?parent=378"}],"curies":[{"name":"wp","href":"https:\/\/api.w.org\/{rel}","templated":true}]}}