{"id":808,"date":"2018-10-02T07:05:08","date_gmt":"2018-10-02T07:05:08","guid":{"rendered":"http:\/\/www.biemen.com\/?page_id=808"},"modified":"2019-07-16T07:50:41","modified_gmt":"2019-07-16T07:50:41","slug":"francais-politique-privee","status":"publish","type":"page","link":"https:\/\/www.biemen.com\/ca\/francais-politique-privee\/","title":{"rendered":"Pol\u00edtica de privacitat"},"content":{"rendered":"<section class=\"l-section wpb_row height_medium\"><div class=\"l-section-h i-cf\"><div class=\"g-cols vc_row via_flex valign_top type_default stacking_default\"><div class=\"vc_col-sm-12 wpb_column vc_column_container\"><div class=\"vc_column-inner\"><div class=\"wpb_wrapper\"><div class=\"wpb_text_column\"><div class=\"wpb_wrapper\"><h2 style=\"text-align: center;\">Pol\u00edtica de privacitat<\/h2>\n<p>En compliment del Cap\u00edtol II de la llei\u00a0 34\/2002, LSSICE, els informem que la present p\u00e0gina web \u00e9s propietat de <strong>BIEMEN, SLU<\/strong>, d\u2019ara en endavant tamb\u00e9 el Prestador, domiciliada a Avda. Principal, 34 Nave A 08181, Sentmenat, amb CIF B65986663, tel\u00e8fon de contacto: 938654171, i email: <a href=\"mailto:biemen@biemen.com\">biemen@biemen.com<\/a>.<\/p>\n<p><strong>BIEMEN, SLU<\/strong>, com responsable del present LLoc Web i de conformitat amb el que disposa la normativa vigent en mat\u00e8ria de protecci\u00f3 de dades personals, el Reglament (UE) 2016\/679 de 27 d&#8217;abril de 2016 (RGPD) relatiu a la protecci\u00f3 de les persones f\u00edsiques pel que fa al tractament de dades personals i a la lliure circulaci\u00f3 d&#8217;aquestes dades, la Llei Org\u00e0nica 3\/2018, de 5 de desembre, de Protecci\u00f3 de Dades de Car\u00e0cter Personal (LOPDGDD) i per la Llei 34\/2002, de 11 de juliol, de Serveis de la Societat de la Informaci\u00f3 i del Comer\u00e7 Electr\u00f2nic (LSSICE), t\u00e9 implementades totes les mesures de seguretat, d\u2019 \u00edndole t\u00e8cnica i organitzatives per garantir i protegir la confidencialitat, integritat i disponibilitat de les dades introdu\u00efdes.<\/p>\n<p>A efectes del que preveu la LOPD, <strong>BIEMEN, SLU<\/strong>\u00a0 li informa que les dades que volunt\u00e0riament ens est\u00e0 facilitant seran incorporades als nostres sistemes d\u2019informaci\u00f3 amb la finalitat de realitzar les gestions comercials i administratives necess\u00e0ries amb els usuaris de la web; Les operacions previstes per realitzar els tractaments s\u00f3n els seg\u00fcents: respondre a les consultes i\/o proporcionar informacions requerides per l\u2019 Usuari; realitzar les prestacions de serveis i\/o productes contractats o subscrits per l\u2019 Usuari; realitzar totes aquelles activitats pr\u00f2pies de <strong>BIEMEN, SLU<\/strong> pel present av\u00eds legal ressenyades. i remetre el butllet\u00ed de not\u00edcies de la p\u00e0gina web.<\/p>\n<p>El firmant garanteix la veracitat de les dades aportades i es compromet a comunicar qualsevol canvi que es produeixi en els mateixos.<\/p>\n<p>El Prestador, mitjan\u00e7ant asterisc (*) en les caselles corresponents del formulari de contacte, li informa d\u2019aquesta obligatorietat a l\u2019 Usuari, indicant quines dades s\u00f3n necess\u00e0ries. Mitjan\u00e7ant la indicaci\u00f3 i introducci\u00f3 de les dades, l\u2019 Usuari atorga el consentiment inequ\u00edvoc a <strong>BIEMEN, SLU<\/strong> per a procedeixi al tractament de les dades facilitades en pro de les finalitats mencionades.<\/p>\n<p>El no facilitar les dades personals sol\u00b7licitades o el no acceptar la present pol\u00edtica de protecci\u00f3 de dades suposa la impossibilitat de subscriure\u2019s, registrar-se o rebre informaci\u00f3 dels productes i serveis del prestador.<\/p>\n<p>De conformitat amb el que disposen les normatives vigents en protecci\u00f3 de dades personals, el prestador est\u00e0 complint amb totes les disposicions de les normatives RGPD i LOPD per al tractament de les dades personals de la seva responsabilitat, i manifestament amb els principis descrits a l&#8217;art. 5 del RGPD, pels quals s\u00f3n tractats de manera l\u00edcita, lleial i transparent en relaci\u00f3 amb l&#8217;interessat i adequades, pertinents i limitats al que necessari en relaci\u00f3 amb els fins per als quals s\u00f3n tractats.<\/p>\n<p>El Responsable garanteix que ha implementat pol\u00edtiques t\u00e8cniques i organitzatives apropiades per aplicar les mesures de seguretat que estableixen el RGPD i la LOPD per tal de protegir els drets i llibertats dels Usuaris.<\/p>\n<p>D\u2019 acord amb aquestes normatives, doncs, li informem que t\u00e9 dret a sol\u00b7licitar l\u2019acc\u00e9s, rectificaci\u00f3, portabilitat i supressi\u00f3 de les seves dades i la limitaci\u00f3 i oposici\u00f3 al seu tractament dirigint-se a Avda. Principal, 34 Nave A 08181, Sentmenat, enviant un correu electr\u00f2nic a biemen@biemen.com, indicant com Assumpte: \u201cLOPD, Drets ARCO\u201d, i adjuntant fotocopia del seu DNI o qualsevol mitj\u00e0 an\u00e0leg en dret, tal i como indica la llei. T\u00e9 dret a enretirar el consentiment prestat en qualsevol moment. La retirada del consentiment no afectar\u00e0 a la licitud del tractament efectuat abans de la retirada del consentiment. Tamb\u00e9 t\u00e9 dret a presentar una reclamaci\u00f3 davant l\u2019autoritat de control si considera que poden haver-se vist vulnerats els seus drets en relaci\u00f3 a la protecci\u00f3 de les seves dades (agpd.es).<\/p>\n<p><strong>CONFIDENCIALITAT i CESSI\u00d3 DE DADES A TERCERS<\/strong><\/p>\n<p>Les dades que ens faciliti es tractaran de forma confidencial. El prestador ha adoptat totes les mesures t\u00e8cniques i organitzatives i tots els nivells de protecci\u00f3 necessaris per a garantir la seguretat en el tractament de les dades i evitar la seva alteraci\u00f3, p\u00e8rdua, robatori, tractament o acc\u00e9s no autoritzat, at\u00e8s l\u2019estat de la tecnologia i naturalesa de les dades emmagatzemades.\u00a0 Aix\u00ed mateix. es garanteix tamb\u00e9 que el tractament i registre en fitxers, programes, sistemes o equips, locals i centres compleixen amb els requisits i condicions de integritat i seguretat establertes en la normativa vigent.<\/p>\n<p><strong>BIEMEN, SLU<\/strong> no cedir\u00e0 les dades personals a tercers, excepte per obligaci\u00f3 legal No obstant aix\u00f2, en el cas de ser cedits a algun tercer es produiria una informaci\u00f3 pr\u00e8via sol\u00b7licitant el consentiment expr\u00e9s per tal cessi\u00f3. L\u2019 entitat responsable de la base de dades, aix\u00ed com els que intervinguin en qualsevol\u00a0 fase del tractament i\/o les entitats a les qui se\u2019ls hagi comunicat -en tot cas sempre amb la corresponent autoritzaci\u00f3 atorgada per l\u2019usuari-, estan obligades a observar el secret professional i a l\u2019adopci\u00f3 dels nivells de protecci\u00f3 i les mesures t\u00e8cniques i organitzatives necess\u00e0ries al seu abast per garantir la seguretat de les dades de car\u00e0cter personal, evitant, en la mesura del possible, accessos no autoritzats, modificacions il\u00b7l\u00edcites, sostraccions i\/o la p\u00e8rdua de les dades, a fi de procurar el corresponent nivell de seguretat dels fitxers del prestador,\u00a0 segons la naturalesa i sensibilitat de les dades facilitades pels usuaris del present Lloc Web.<\/p>\n<p><strong>ACCEPTACI\u00d3 I CONSENTIMENT<\/strong><\/p>\n<p>L\u2019 Usuari declara haver sigut informat de les condicions sobre protecci\u00f3 de dades de car\u00e0cter personal, acceptant i consentint el tractament automatitzat dels mateixos per part de <strong>BIEMEN, SLU<\/strong> en la forma i per a les finalitats indicades en la present Pol\u00edtica de Protecci\u00f3 de Dades Personals.<\/p>\n<p>Per tant, a l\u2019 utilitzar aquest formulari per contactar amb <strong>BIEMEN, SLU<\/strong>, est\u00e0 autoritzant expressament la utilitzaci\u00f3 de les seves dades per l\u2019enviament de comunicacions comercials, per qualsevol mitj\u00e0 (incloent correu electr\u00f2nic), podent anul\u00b7lar aquesta autoritzaci\u00f3 quan ho desitgi, dirigint-se a <strong>BIEMEN, SLU<\/strong> a trav\u00e9s dels mitjans establerts.<\/p>\n<p>A trav\u00e9s d\u2019 aquesta Pol\u00edtica de Privacitat li informem que les fotografies que estiguin penjades a la web s\u00f3n propietat de <strong>BIEMEN, SLU<\/strong>, incloent les dels menors, en les que, per a l\u2019 obtenci\u00f3 d\u2019aquestes, s\u2019ha obtingut el consentiment previ dels pares, tutors o representants legals mitjan\u00e7ant la signatura dels formularis realitzats a l\u2019 efecte pels centres en els quals els menors formen part. No obstant aix\u00f2, els pares, tutors o representants dels menors, com titulars de l\u2019exercici dels drets d\u2019aquests, i sempre previ requeriment formal per escrit, poden indicar la negativa a l\u2019\u00fas de la imatge del menor; en aquest cas, la imatge es mostrar\u00e0 pixel\u00b7lada.<\/p>\n<p><strong>EXACTITUD I VERACITAT DE LES DADES<\/strong><\/p>\n<p>L\u2019 usuari \u00e9s l\u2019 \u00fanic responsable de la veracitat i correcci\u00f3 de les dades que remeti a <strong>BIEMEN, SLU<\/strong>, exonerant al Prestador de qualsevol responsabilitat al respecte. Els usuaris garanteixen i responen, en qualsevol cas, de l\u2019 exactitud, vig\u00e8ncia i autenticitat de les dades personals facilitades, i es comprometen a mantenir-los degudament actualitzats. L\u2019 usuari accepta proporcionar informaci\u00f3 completa i correcta en el formulari de registre o subscripci\u00f3.<\/p>\n<p><strong>CONTINGUT DE LA WEB I ENLLA\u00c7OS (LINKS)<\/strong><\/p>\n<p><strong>BIEMEN, SLU<\/strong> es reserva el dret a actualitzar, modificar o eliminar la informaci\u00f3 continguda en la web, podent, incl\u00fas, limitar o no permetre l\u2019 acc\u00e9s a la informaci\u00f3.<\/p>\n<p><strong>BIEMEN, SLU<\/strong> no assumeix cap tipus de responsabilitat per la informaci\u00f3 continguda en les Webs de tercers a les que es pugui accedir pels &#8220;links&#8221; o enlla\u00e7os des de qualsevol p\u00e0gina Web propietat del prestador.<\/p>\n<p>La presencia de &#8220;links&#8221; o enlla\u00e7os nom\u00e9s tenen finalitat informativa i en cap cas suposa cap sugger\u00e8ncia, invitaci\u00f3 o reconeixement sobre els mateixos.<\/p>\n<p><strong>\u00a0<\/strong><\/p>\n<p><strong>CANVIS EN LA PRESENT POL\u00cdTICA DE PRIVACITAT<\/strong><\/p>\n<p><strong>BIEMEN, SLU<\/strong> es reserva el dret a modificar la present pol\u00edtica per adaptar-la a novetats legislatives o jurisprudencials.<\/p>\n<p><strong>CORREUS COMERCIALS<\/strong><\/p>\n<p>D\u2019acord amb la LSSICE, <strong>BIEMEN, SLU<\/strong> no realitza pr\u00e0ctiques d\u2019 SPAM, per tant, no envia correus comercials per e-mail que no hagin sigut pr\u00e8viament sol\u00b7licitats o autoritzats per l\u2019 Usuari. En conseq\u00fc\u00e8ncia, en cada un dels formularis de la P\u00e0gina Web, l\u2019 Usuari t\u00e9 la possibilitat de donar el seu consentiment expr\u00e9s per a rebre el nostre Butllet\u00ed, amb independ\u00e8ncia de la informaci\u00f3 comercial puntualment sol\u00b7licitada.<\/p>\n<p><strong>LEGISLACI\u00d3<\/strong><\/p>\n<p>Amb car\u00e0cter general les relacions entre <strong>BIEMEN, SLU<\/strong> amb els Usuaris dels seus serveis telem\u00e0tics, presents en aquesta Web, estan sotmesos a la legislaci\u00f3 i jurisdicci\u00f3 espanyoles a la que es sotmeten expressament les parts, essent competents per la resoluci\u00f3 de tots els conflictes derivats o relacionats amb el seu \u00fas els Jutjats i Tribunals de Barcelona.<\/p>\n<\/div><\/div><\/div><\/div><\/div><\/div><\/div><\/section>","protected":false},"excerpt":{"rendered":"Pol\u00edtica de privacitat En compliment del Cap\u00edtol II de la llei\u00a0 34\/2002, LSSICE, els informem que la present p\u00e0gina web \u00e9s propietat de BIEMEN, SLU, d\u2019ara en endavant tamb\u00e9 el Prestador, domiciliada a Avda. Principal, 34 Nave A 08181, Sentmenat, amb CIF B65986663, tel\u00e8fon de contacto: 938654171, i email: biemen@biemen.com. BIEMEN, SLU, com responsable del...","protected":false},"author":4,"featured_media":0,"parent":0,"menu_order":0,"comment_status":"closed","ping_status":"closed","template":"","meta":{"footnotes":""},"class_list":["post-808","page","type-page","status-publish","hentry"],"_links":{"self":[{"href":"https:\/\/www.biemen.com\/ca\/wp-json\/wp\/v2\/pages\/808","targetHints":{"allow":["GET"]}}],"collection":[{"href":"https:\/\/www.biemen.com\/ca\/wp-json\/wp\/v2\/pages"}],"about":[{"href":"https:\/\/www.biemen.com\/ca\/wp-json\/wp\/v2\/types\/page"}],"author":[{"embeddable":true,"href":"https:\/\/www.biemen.com\/ca\/wp-json\/wp\/v2\/users\/4"}],"replies":[{"embeddable":true,"href":"https:\/\/www.biemen.com\/ca\/wp-json\/wp\/v2\/comments?post=808"}],"version-history":[{"count":5,"href":"https:\/\/www.biemen.com\/ca\/wp-json\/wp\/v2\/pages\/808\/revisions"}],"predecessor-version":[{"id":1082,"href":"https:\/\/www.biemen.com\/ca\/wp-json\/wp\/v2\/pages\/808\/revisions\/1082"}],"wp:attachment":[{"href":"https:\/\/www.biemen.com\/ca\/wp-json\/wp\/v2\/media?parent=808"}],"curies":[{"name":"wp","href":"https:\/\/api.w.org\/{rel}","templated":true}]}}