{"id":91,"date":"2016-06-17T08:52:11","date_gmt":"2016-06-17T08:52:11","guid":{"rendered":"http:\/\/www.biemen.com\/?page_id=91"},"modified":"2022-06-13T10:53:41","modified_gmt":"2022-06-13T08:53:41","slug":"enchufes-acoples-rapidos","status":"publish","type":"page","link":"https:\/\/www.biemen.com\/ca\/enchufes-acoples-rapidos\/","title":{"rendered":"ENDOLLS RAPIDS I ENDOLLS AUTORROSCANTS"},"content":{"rendered":"<section class=\"l-section wpb_row height_medium\"><div class=\"l-section-h i-cf\"><div class=\"g-cols vc_row via_flex valign_top type_default stacking_default\"><div class=\"vc_col-sm-12 wpb_column vc_column_container\"><div class=\"vc_column-inner\"><div class=\"wpb_wrapper\"><div class=\"wpb_text_column\"><div class=\"wpb_wrapper\"><h2 style=\"text-align: center;\">ENDOLLS RAPIDS I ENDOLLS AUTORROSCANTS<\/h2>\n<\/div><\/div><div class=\"w-separator size_custom\" style=\"height:32px\"><\/div><div class=\"w-grid us_carousel type_carousel layout_gallery_default preload_style_spinner items_5\" id=\"us_grid_4\" style=\"--items:5;--gap:1.5rem;\"><div class=\"w-grid-list owl-carousel valign_stretch dotstyle_circle navstyle_circle arrows-ver-pos_middle arrows-hor-pos_on_sides_outside arrows-disabled_hide owl-responsive-2000 with_arrows\" style=\"--transition-duration:800ms;--arrows-size:1.5rem;--arrows-hor-offset:calc(0px + 1.5rem);--arrows-gap:10px;\">\t<article class=\"w-grid-item post-436 attachment type-attachment status-inherit hentry\" data-id=\"436\">\r\n\t\t<div class=\"w-grid-item-h\">\r\n\t\t\t\t\t\t<div class=\"w-post-elm post_image usg_post_image_1 stretched\"><img loading=\"lazy\" decoding=\"async\" width=\"300\" height=\"147\" src=\"https:\/\/www.biemen.com\/wp-content\/uploads\/2016\/08\/enchufes-rapidosffa.jpg\" class=\"attachment-large size-large\" alt=\"\" \/><\/div>\t\t<\/div>\r\n\t\t\t<\/article>\r\n\t<article class=\"w-grid-item post-437 attachment type-attachment status-inherit hentry\" data-id=\"437\">\r\n\t\t<div class=\"w-grid-item-h\">\r\n\t\t\t\t\t\t<div class=\"w-post-elm post_image usg_post_image_1 stretched\"><img loading=\"lazy\" decoding=\"async\" width=\"300\" height=\"147\" src=\"https:\/\/www.biemen.com\/wp-content\/uploads\/2016\/08\/enchufes-rapidossca.jpg\" class=\"attachment-large size-large\" alt=\"\" \/><\/div>\t\t<\/div>\r\n\t\t\t<\/article>\r\n\t<article class=\"w-grid-item post-438 attachment type-attachment status-inherit hentry\" data-id=\"438\">\r\n\t\t<div class=\"w-grid-item-h\">\r\n\t\t\t\t\t\t<div class=\"w-post-elm post_image usg_post_image_1 stretched\"><img loading=\"lazy\" decoding=\"async\" width=\"300\" height=\"147\" src=\"https:\/\/www.biemen.com\/wp-content\/uploads\/2016\/08\/enchufes-rapidosisa.jpg\" class=\"attachment-large size-large\" alt=\"\" \/><\/div>\t\t<\/div>\r\n\t\t\t<\/article>\r\n\t<article class=\"w-grid-item post-439 attachment type-attachment status-inherit hentry\" data-id=\"439\">\r\n\t\t<div class=\"w-grid-item-h\">\r\n\t\t\t\t\t\t<div class=\"w-post-elm post_image usg_post_image_1 stretched\"><img loading=\"lazy\" decoding=\"async\" width=\"300\" height=\"147\" src=\"https:\/\/www.biemen.com\/wp-content\/uploads\/2016\/08\/enchufes-rapidoshtn.jpg\" class=\"attachment-large size-large\" alt=\"\" \/><\/div>\t\t<\/div>\r\n\t\t\t<\/article>\r\n\t<article class=\"w-grid-item post-440 attachment type-attachment status-inherit hentry\" data-id=\"440\">\r\n\t\t<div class=\"w-grid-item-h\">\r\n\t\t\t\t\t\t<div class=\"w-post-elm post_image usg_post_image_1 stretched\"><img loading=\"lazy\" decoding=\"async\" width=\"300\" height=\"147\" src=\"https:\/\/www.biemen.com\/wp-content\/uploads\/2016\/08\/enchufes-rapidospaso.jpg\" class=\"attachment-large size-large\" alt=\"\" \/><\/div>\t\t<\/div>\r\n\t\t\t<\/article>\r\n\t<article class=\"w-grid-item post-441 attachment type-attachment status-inherit hentry\" data-id=\"441\">\r\n\t\t<div class=\"w-grid-item-h\">\r\n\t\t\t\t\t\t<div class=\"w-post-elm post_image usg_post_image_1 stretched\"><img loading=\"lazy\" decoding=\"async\" width=\"300\" height=\"147\" src=\"https:\/\/www.biemen.com\/wp-content\/uploads\/2016\/08\/enchufes-rapidosenp.jpg\" class=\"attachment-large size-large\" alt=\"\" \/><\/div>\t\t<\/div>\r\n\t\t\t<\/article>\r\n<\/div><div class=\"w-grid-carousel-json hidden\" onclick='return {&quot;carousel_settings&quot;:{&quot;aria_labels&quot;:{&quot;prev&quot;:&quot;Anterior&quot;,&quot;next&quot;:&quot;Seg\\u00fcent&quot;},&quot;autoplayContinual&quot;:false,&quot;autoplayHoverPause&quot;:false,&quot;autoplayTimeout&quot;:3000,&quot;autoWidth&quot;:false,&quot;smartSpeed&quot;:800,&quot;margin&quot;:0,&quot;mouseDrag&quot;:true,&quot;rtl&quot;:false,&quot;slideBy&quot;:&quot;1&quot;,&quot;touchDrag&quot;:true,&quot;slideTransition&quot;:&quot;&quot;,&quot;responsive&quot;:{&quot;0&quot;:{&quot;autoHeight&quot;:false,&quot;autoplay&quot;:true,&quot;autoWidth&quot;:false,&quot;center&quot;:false,&quot;dots&quot;:false,&quot;items&quot;:1,&quot;loop&quot;:true,&quot;nav&quot;:false,&quot;stagePadding&quot;:0,&quot;slideBy&quot;:&quot;1&quot;},&quot;601&quot;:{&quot;autoHeight&quot;:false,&quot;autoplay&quot;:true,&quot;autoWidth&quot;:false,&quot;center&quot;:false,&quot;dots&quot;:false,&quot;items&quot;:2,&quot;loop&quot;:true,&quot;nav&quot;:true,&quot;stagePadding&quot;:0,&quot;slideBy&quot;:&quot;1&quot;},&quot;1025&quot;:{&quot;autoHeight&quot;:false,&quot;autoplay&quot;:true,&quot;autoWidth&quot;:false,&quot;center&quot;:false,&quot;dots&quot;:false,&quot;items&quot;:3,&quot;loop&quot;:true,&quot;nav&quot;:true,&quot;stagePadding&quot;:0,&quot;slideBy&quot;:&quot;1&quot;},&quot;1381&quot;:{&quot;items&quot;:5,&quot;autoplay&quot;:true,&quot;center&quot;:false,&quot;dots&quot;:false,&quot;nav&quot;:true,&quot;autoHeight&quot;:false,&quot;autoWidth&quot;:false,&quot;loop&quot;:true,&quot;stagePadding&quot;:0}}}}'><\/div><\/div><div class=\"w-separator size_custom\" style=\"height:32px\"><\/div><div class=\"wpb_text_column\"><div class=\"wpb_wrapper\"><p><strong>Endolls r\u00e0pids<\/strong> i <strong>autorroscants<\/strong> per a alta pressi\u00f3 fabricats en diferents materials i per a tot tipus d&#8217;aplicacions hidr\u00e0uliques, <strong>endolls<\/strong> ecol\u00f2gics <strong>cares planes<\/strong>, endolls r\u00e0pids amb tancament a v\u00e0lvula, endolls r\u00e0pids amb tancament a bola, autorroscants cares planes, &#8230;.<\/p>\n<p>Els nostres gamma d&#8217;<strong>endolls hidr\u00e0ulics<\/strong> estan disponibles en una ampli ventall de rosques, BSP, NPT, SAI, DIN2353 &#8230;, aix\u00ed com en una extensa gamma de juntes, Nitril (NBR), <strong>VITON<\/strong><sup>\u00ae<\/sup> (FKM), EPDM, <strong>Kalrez<\/strong><sup>\u00ae<\/sup> perfluoroelastomero (FFKM ) &#8230;, adequades per a aplicacions amb oli hidr\u00e0ulic, oli t\u00e8rmic, vapor, gasos, fluids agressius, Skydrol, amb temperatures extremes &#8230;.<\/p>\n<p>Oferim endolls r\u00e0pids fabricats en diferents normes est\u00e0ndard, com ara <strong>ISO7241-A<\/strong>\u00a0(<strong>ISO-A<\/strong>),\u00a0<strong>ISO7241-B<\/strong>\u00a0(<strong>ISO-B<\/strong>),\u00a0<strong>DIN5675<\/strong>, cares planes\u00a0<strong><em>ISO16028<\/em><\/strong>,\u00a0<strong>ISO5676<\/strong>\u00a0\/\u00a0<strong>ISO\/TC23<\/strong>\u00a0\/\u00a0<strong>NFU 16-006<\/strong>\u00a0i intercanviables amb la majoria dels perfils existents al mercat, per\u00f2 sota demanda podem estudiar el disseny i subministrament d&#8217;endolls r\u00e0pids especials segons les necessitats espec\u00edfiques del client.<\/p>\n<p>Disposem tamb\u00e9 d&#8217;endolls r\u00e0pids especials per a <strong>contenidors soterrats<\/strong>, <strong>contenidors de reciclatge<\/strong> i per a camions d&#8217;elevaci\u00f3 d&#8217;aquests contenidors.<\/p>\n<p>Els principals materials en que oferim la nostra gamma d&#8217;endolls hidr\u00e0ulics s\u00f3n acer carboni, <strong>acer inoxidable AISI316<\/strong> i en <strong>llaut\u00f3<\/strong>, per\u00f2 en col\u00b7laboraci\u00f3 amb els nostres clients podem estudiar el subministrament dels endolls r\u00e0pids en un altre tipus de materials.<\/p>\n<p>El nostre ampli cat\u00e0leg d&#8217;endolls hidr\u00e0ulics ens permet oferir sempre la soluci\u00f3 id\u00f2nia per a cada tipus d&#8217;aplicaci\u00f3 <strong>hidr\u00e0ulica<\/strong>.<\/p>\n<p>Disposem de <strong>tapes<\/strong> i <strong>taps<\/strong> de pl\u00e0stic, alumini, acer carboni o acer inoxidable per a la majoria dels nostres endolls r\u00e0pids.<\/p>\n<\/div><\/div><div class=\"w-btn-wrapper align_center\"><a class=\"w-btn us-btn-style_1 us_custom_db441812 icon_atleft\" target=\" _blank\" rel=\"nofollow\" href=\"http:\/\/www.biemen.com\/wp-content\/uploads\/2019\/07\/19.07.08CATALOGOv190708HIDRAULICACODIGOS2019.pdf\"><i class=\"fas fa-file-pdf\"><\/i><span class=\"w-btn-label\">DESCARREGA EL CAT\u00c0LEG COMPLET<\/span><\/a><\/div><\/div><\/div><\/div><\/div><\/div><\/section><section class=\"l-section wpb_row us_custom_ee4b160b has_text_color height_medium\"><div class=\"l-section-h i-cf\"><div class=\"g-cols vc_row via_flex valign_top type_default stacking_default\"><div class=\"vc_col-sm-4 wpb_column vc_column_container\"><div class=\"vc_column-inner\"><div class=\"wpb_wrapper\"><div class=\"wpb_text_column\"><div class=\"wpb_wrapper\"><h5 style=\"text-align: center;\">ACER AL CARBONI<\/h5>\n<\/div><\/div><div class=\"w-separator separator-section size_small with_line width_default thick_2 style_solid color_border align_center with_content\"><div class=\"w-separator-h\"><i class=\"fas fa-angle-down\"><\/i><\/div><\/div><div class=\"wpb_text_column\"><div class=\"wpb_wrapper\"><p>Alguns sectors d\u2019aplicaci\u00f3:<\/p>\n<ul>\n<li>Maquin\u00e0ria obra publica<\/li>\n<li>Maquin\u00e0ria agr\u00edcola<\/li>\n<li>Camions, bolquets basculants, remolcs&#8230;..<\/li>\n<li>Ind\u00fastria qu\u00edmica<\/li>\n<li>Ind\u00fastria farmac\u00e8utica<\/li>\n<li>Ind\u00fastria aliment\u00e0ria<\/li>\n<li>Ind\u00fastria naval i pesquera<\/li>\n<li>Equips i instal\u00b7lacions de neteja a alta pressi\u00f3<\/li>\n<li>Maquin\u00e0ria i instal\u00b7lacions industrials<\/li>\n<\/ul>\n<\/div><\/div><\/div><\/div><\/div><div class=\"vc_col-sm-4 wpb_column vc_column_container\"><div class=\"vc_column-inner\"><div class=\"wpb_wrapper\"><div class=\"wpb_text_column\"><div class=\"wpb_wrapper\"><h5 style=\"text-align: center;\">ACER INOXIDABLE AISI316<\/h5>\n<\/div><\/div><div class=\"w-separator separator-section size_small with_line width_default thick_2 style_solid color_border align_center with_content\"><div class=\"w-separator-h\"><i class=\"fas fa-angle-down\"><\/i><\/div><\/div><div class=\"wpb_text_column\"><div class=\"wpb_wrapper\"><p>Alguns sectors d\u2019aplicaci\u00f3:<\/p>\n<ul>\n<li>Ind\u00fastria qu\u00edmica<\/li>\n<li>Ind\u00fastria farmac\u00e8utica<\/li>\n<li>Ind\u00fastria aliment\u00e0ria<\/li>\n<li>Ind\u00fastria naval i pesquera<\/li>\n<li>Equips i instal\u00b7lacions de neteja a alta pressi\u00f3<\/li>\n<li>Maquin\u00e0ria i instal\u00b7lacions industrials<\/li>\n<\/ul>\n<\/div><\/div><\/div><\/div><\/div><div class=\"vc_col-sm-4 wpb_column vc_column_container\"><div class=\"vc_column-inner\"><div class=\"wpb_wrapper\"><div class=\"wpb_text_column\"><div class=\"wpb_wrapper\"><h5 style=\"text-align: center;\">LLAUTO<\/h5>\n<\/div><\/div><div class=\"w-separator separator-section size_small with_line width_default thick_2 style_solid color_border align_center with_content\"><div class=\"w-separator-h\"><i class=\"fas fa-angle-down\"><\/i><\/div><\/div><div class=\"wpb_text_column\"><div class=\"wpb_wrapper\"><p>Alguns sectors d\u2019aplicaci\u00f3:<\/p>\n<ul>\n<li>Ind\u00fastria naval i pesquera<\/li>\n<li>Equips i instal\u00b7lacions de neteja a alta pressi\u00f3<\/li>\n<li>Maquin\u00e0ria i instal\u00b7lacions industrials<\/li>\n<\/ul>\n<\/div><\/div><\/div><\/div><\/div><\/div><\/div><\/section>","protected":false},"excerpt":{"rendered":"","protected":false},"author":4,"featured_media":0,"parent":0,"menu_order":0,"comment_status":"closed","ping_status":"closed","template":"","meta":{"footnotes":""},"class_list":["post-91","page","type-page","status-publish","hentry"],"_links":{"self":[{"href":"https:\/\/www.biemen.com\/ca\/wp-json\/wp\/v2\/pages\/91","targetHints":{"allow":["GET"]}}],"collection":[{"href":"https:\/\/www.biemen.com\/ca\/wp-json\/wp\/v2\/pages"}],"about":[{"href":"https:\/\/www.biemen.com\/ca\/wp-json\/wp\/v2\/types\/page"}],"author":[{"embeddable":true,"href":"https:\/\/www.biemen.com\/ca\/wp-json\/wp\/v2\/users\/4"}],"replies":[{"embeddable":true,"href":"https:\/\/www.biemen.com\/ca\/wp-json\/wp\/v2\/comments?post=91"}],"version-history":[{"count":5,"href":"https:\/\/www.biemen.com\/ca\/wp-json\/wp\/v2\/pages\/91\/revisions"}],"predecessor-version":[{"id":1448,"href":"https:\/\/www.biemen.com\/ca\/wp-json\/wp\/v2\/pages\/91\/revisions\/1448"}],"wp:attachment":[{"href":"https:\/\/www.biemen.com\/ca\/wp-json\/wp\/v2\/media?parent=91"}],"curies":[{"name":"wp","href":"https:\/\/api.w.org\/{rel}","templated":true}]}}