{"id":159,"date":"2016-06-30T10:47:48","date_gmt":"2016-06-30T10:47:48","guid":{"rendered":"http:\/\/www.biemen.com\/?page_id=159"},"modified":"2019-03-26T11:22:20","modified_gmt":"2019-03-26T11:22:20","slug":"sobre-nosotros","status":"publish","type":"page","link":"https:\/\/www.biemen.com\/fr\/sobre-nosotros\/","title":{"rendered":"\u00c0 PROPOS NOUS DE NOUS"},"content":{"rendered":"<section class=\"l-section wpb_row height_medium\"><div class=\"l-section-h i-cf\"><div class=\"g-cols vc_row via_flex valign_top type_default stacking_default\"><div class=\"vc_col-sm-12 wpb_column vc_column_container\"><div class=\"vc_column-inner\"><div class=\"wpb_wrapper\"><div class=\"wpb_text_column\"><div class=\"wpb_wrapper\"><h3 style=\"text-align: center;\">\u00c0 PROPOS NOUS DE NOUS<\/h3>\n<\/div><\/div><\/div><\/div><\/div><\/div><\/div><\/section><section class=\"l-section wpb_row height_medium\"><div class=\"l-section-h i-cf\"><div class=\"g-cols vc_row via_flex valign_top type_default stacking_default\"><div class=\"vc_col-sm-12 wpb_column vc_column_container\"><div class=\"vc_column-inner\"><div class=\"wpb_wrapper\"><div class=\"wpb_text_column\"><div class=\"wpb_wrapper\"><p>En <strong>BIEMEN<\/strong> nous sommes d\u00e9di\u00e9s \u00e0 la fabrication et la distribution de composants hydrauliques, <strong>coupleurs rapides<\/strong>, <strong>robinets \u00e0 boisseau sph\u00e9rique<\/strong>, <strong>clapets anti-retour<\/strong>, <strong>prises de pression<\/strong>, <strong>raccords hydrauliques<\/strong>\u2026. \u00a0avec une vaste exp\u00e9rience de plus de 25 ans dans le secteur.<\/p>\n<p>Les principaux piliers de notre soci\u00e9t\u00e9 sont la qualit\u00e9 et le service \u00e0 des prix comp\u00e9titifs, et de flexibilit\u00e9, \u00e9tudiant en collaboration avec nos clients chacun de ses projets, en les conseillant et adaptant nos produits aux besoins sp\u00e9cifiques de chaque application.<\/p>\n<p>Notre \u00e9quipe avec une vaste exp\u00e9rience de plus de 25 ans dans le secteur reste \u00e0 votre disposition pour r\u00e9pondre \u00e0 tous vos besoins techniques et commerciaux rapide et efficacement.<\/p>\n<\/div><\/div><\/div><\/div><\/div><\/div><\/div><\/section>","protected":false},"excerpt":{"rendered":"\u00c0 PROPOS NOUS DE NOUS En BIEMEN nous sommes d\u00e9di\u00e9s \u00e0 la fabrication et la distribution de composants hydrauliques, coupleurs rapides, robinets \u00e0 boisseau sph\u00e9rique, clapets anti-retour, prises de pression, raccords hydrauliques\u2026. \u00a0avec une vaste exp\u00e9rience de plus de 25 ans dans le secteur. Les principaux piliers de notre soci\u00e9t\u00e9 sont la qualit\u00e9 et le...","protected":false},"author":4,"featured_media":0,"parent":0,"menu_order":0,"comment_status":"closed","ping_status":"closed","template":"","meta":{"footnotes":""},"class_list":["post-159","page","type-page","status-publish","hentry"],"_links":{"self":[{"href":"https:\/\/www.biemen.com\/fr\/wp-json\/wp\/v2\/pages\/159","targetHints":{"allow":["GET"]}}],"collection":[{"href":"https:\/\/www.biemen.com\/fr\/wp-json\/wp\/v2\/pages"}],"about":[{"href":"https:\/\/www.biemen.com\/fr\/wp-json\/wp\/v2\/types\/page"}],"author":[{"embeddable":true,"href":"https:\/\/www.biemen.com\/fr\/wp-json\/wp\/v2\/users\/4"}],"replies":[{"embeddable":true,"href":"https:\/\/www.biemen.com\/fr\/wp-json\/wp\/v2\/comments?post=159"}],"version-history":[{"count":5,"href":"https:\/\/www.biemen.com\/fr\/wp-json\/wp\/v2\/pages\/159\/revisions"}],"predecessor-version":[{"id":945,"href":"https:\/\/www.biemen.com\/fr\/wp-json\/wp\/v2\/pages\/159\/revisions\/945"}],"wp:attachment":[{"href":"https:\/\/www.biemen.com\/fr\/wp-json\/wp\/v2\/media?parent=159"}],"curies":[{"name":"wp","href":"https:\/\/api.w.org\/{rel}","templated":true}]}}