{"id":378,"date":"2016-07-29T10:23:08","date_gmt":"2016-07-29T10:23:08","guid":{"rendered":"http:\/\/www.biemen.com\/?page_id=378"},"modified":"2021-01-18T09:01:44","modified_gmt":"2021-01-18T09:01:44","slug":"noticias","status":"publish","type":"page","link":"https:\/\/www.biemen.com\/fr\/noticias\/","title":{"rendered":"NOUVELLES"},"content":{"rendered":"<section class=\"l-section wpb_row height_medium\"><div class=\"l-section-h i-cf\"><div class=\"g-cols vc_row via_flex valign_top type_default stacking_default\"><div class=\"vc_col-sm-12 wpb_column vc_column_container\"><div class=\"vc_column-inner\"><div class=\"wpb_wrapper\"><div class=\"w-grid us_grid type_grid layout_1208 cols_1 pagination_ajax preload_style_spinner\" id=\"us_grid_3\" style=\"--columns:1;--gap:5rem;\" data-filterable=\"true\"><div class=\"w-grid-list\">\t<article class=\"w-grid-item size_1x1 post-1068 post type-post status-publish format-standard has-post-thumbnail hentry category-sin-categoria\" data-id=\"1068\">\r\n\t\t<div class=\"w-grid-item-h\">\r\n\t\t\t\t\t\t<div class=\"w-hwrapper usg_hwrapper_1 align_left valign_top wrap\"><div class=\"w-post-elm post_image usg_post_image_1 has_width has_ratio\"><a href=\"https:\/\/www.biemen.com\/fr\/metalbunas\/\" aria-label=\"Bague d&rsquo;\u00e9tanch\u00e9it\u00e9\"><img loading=\"lazy\" decoding=\"async\" width=\"173\" height=\"166\" src=\"https:\/\/www.biemen.com\/wp-content\/uploads\/2019\/07\/METALBUNA02.jpg\" class=\"attachment-us_600_600_crop size-us_600_600_crop wp-post-image\" alt=\"\" \/><\/a><div style=\"padding-bottom:100%\"><\/div><\/div><div class=\"w-vwrapper usg_vwrapper_1 align_left valign_top\"><h2 class=\"w-post-elm post_title usg_post_title_1 has_text_color entry-title color_link_inherit\"><a href=\"https:\/\/www.biemen.com\/fr\/metalbunas\/\">Bague d&rsquo;\u00e9tanch\u00e9it\u00e9<\/a><\/h2><div class=\"w-hwrapper usg_hwrapper_2 has_text_color align_left valign_top wrap\"><div class=\"w-post-elm post_taxonomy usg_post_taxonomy_1 style_simple color_link_inherit\"><i class=\"fas fa-folder-open\"><\/i><a class=\"term-1 term-sin-categoria\" href=\"https:\/\/www.biemen.com\/fr\/category\/sin-categoria\/\"><span class=\"w-btn-label\">COUPLEURS RAPIDES<\/span><\/a><\/div><\/div><div class=\"w-post-elm post_content usg_post_content_1\">Nous vous informons que nous disposons d&rsquo;une nouvelle liste de prix pour notre Bague d&rsquo;\u00e9tanch\u00e9it\u00e9 (usit), avec des prix nets sp\u00e9ciaux. Nos Bague d&rsquo;\u00e9tanch\u00e9it\u00e9 sont en acier au carbone et nitrile (NBR). Nos joints coll\u00e9s \u00e0 centrage automatique garantissent une \u00e9tanch\u00e9it\u00e9 totale lors du raccordement de raccords, adaptateurs, couipleurs rapides, vannes hydrauliques &#8230;, disponibles pour\u2026<\/div><a class=\"w-btn us-btn-style_2 usg_btn_1\" href=\"https:\/\/www.biemen.com\/fr\/metalbunas\/\"><span class=\"w-btn-label\">Leer m\u00e1s<\/span><\/a><\/div><\/div>\t\t<\/div>\r\n\t\t\t<\/article>\r\n\t<article class=\"w-grid-item size_1x1 post-780 post type-post status-publish format-standard has-post-thumbnail hentry category-sin-categoria\" data-id=\"780\">\r\n\t\t<div class=\"w-grid-item-h\">\r\n\t\t\t\t\t\t<div class=\"w-hwrapper usg_hwrapper_1 align_left valign_top wrap\"><div class=\"w-post-elm post_image usg_post_image_1 has_width has_ratio\"><a href=\"https:\/\/www.biemen.com\/fr\/enchufes-sistema-de-frenado\/\" aria-label=\"COUPLEURS SYSTEME DE FREINAGE\"><img loading=\"lazy\" decoding=\"async\" width=\"600\" height=\"600\" src=\"https:\/\/www.biemen.com\/wp-content\/uploads\/2017\/12\/VF-IFR-PFT-VF8T-VF8R-VB-BP-074F-TB-5676-BK-Q9000-600x600.jpg\" class=\"attachment-us_600_600_crop size-us_600_600_crop wp-post-image\" alt=\"\" \/><\/a><div style=\"padding-bottom:100%\"><\/div><\/div><div class=\"w-vwrapper usg_vwrapper_1 align_left valign_top\"><h2 class=\"w-post-elm post_title usg_post_title_1 has_text_color entry-title color_link_inherit\"><a href=\"https:\/\/www.biemen.com\/fr\/enchufes-sistema-de-frenado\/\">COUPLEURS SYSTEME DE FREINAGE<\/a><\/h2><div class=\"w-hwrapper usg_hwrapper_2 has_text_color align_left valign_top wrap\"><div class=\"w-post-elm post_taxonomy usg_post_taxonomy_1 style_simple color_link_inherit\"><i class=\"fas fa-folder-open\"><\/i><a class=\"term-1 term-sin-categoria\" href=\"https:\/\/www.biemen.com\/fr\/category\/sin-categoria\/\"><span class=\"w-btn-label\">COUPLEURS RAPIDES<\/span><\/a><\/div><\/div><div class=\"w-post-elm post_content usg_post_content_1\">Les coupleurs hydrauliques VF8 pour le syst\u00e8me de freinage de remorches agricoles sont conformes aux normes ISO 5676 \/ ISO \/ TC23 \/ NFU 16-006 et sont 100% interchangeables avec le reste des prises fabriqu\u00e9es sous ces normes, telles que VF, IFR, PFT, VF8T, VF8R, VB , BP, 074F, TB, 5676, BK, Q9000, VFL1222, VFL3022,\u2026<\/div><a class=\"w-btn us-btn-style_2 usg_btn_1\" href=\"https:\/\/www.biemen.com\/fr\/enchufes-sistema-de-frenado\/\"><span class=\"w-btn-label\">Leer m\u00e1s<\/span><\/a><\/div><\/div>\t\t<\/div>\r\n\t\t\t<\/article>\r\n\t<article class=\"w-grid-item size_1x1 post-771 post type-post status-publish format-standard has-post-thumbnail hentry category-sin-categoria\" data-id=\"771\">\r\n\t\t<div class=\"w-grid-item-h\">\r\n\t\t\t\t\t\t<div class=\"w-hwrapper usg_hwrapper_1 align_left valign_top wrap\"><div class=\"w-post-elm post_image usg_post_image_1 has_width has_ratio\"><a href=\"https:\/\/www.biemen.com\/fr\/enchufes-push-pull-cpp1\/\" aria-label=\"COUPLEURS PUSH-PULL CPP1\"><img loading=\"lazy\" decoding=\"async\" width=\"600\" height=\"600\" src=\"https:\/\/www.biemen.com\/wp-content\/uploads\/2017\/12\/3CFPV-RSD-9404-PPK3-PPK4-S70-4SFPV-VFL3002-VFL3030-600x600.jpg\" class=\"attachment-us_600_600_crop size-us_600_600_crop wp-post-image\" alt=\"\" \/><\/a><div style=\"padding-bottom:100%\"><\/div><\/div><div class=\"w-vwrapper usg_vwrapper_1 align_left valign_top\"><h2 class=\"w-post-elm post_title usg_post_title_1 has_text_color entry-title color_link_inherit\"><a href=\"https:\/\/www.biemen.com\/fr\/enchufes-push-pull-cpp1\/\">COUPLEURS PUSH-PULL CPP1<\/a><\/h2><div class=\"w-hwrapper usg_hwrapper_2 has_text_color align_left valign_top wrap\"><div class=\"w-post-elm post_taxonomy usg_post_taxonomy_1 style_simple color_link_inherit\"><i class=\"fas fa-folder-open\"><\/i><a class=\"term-1 term-sin-categoria\" href=\"https:\/\/www.biemen.com\/fr\/category\/sin-categoria\/\"><span class=\"w-btn-label\">COUPLEURS RAPIDES<\/span><\/a><\/div><\/div><div class=\"w-post-elm post_content usg_post_content_1\">Les coupleurs rapides de la s\u00e9rie CPP1 (IAP) ont \u00e9t\u00e9 con\u00e7us principalement pour le montage sur des tracteurs agricoles, ils sont de type PUSH-PULL et permettent une connexion avec la pression r\u00e9siduelle dans le circuit hydraulique. Ils r\u00e9pondent aux normes ISO 7241-A (ISO-A) et ISO 5675 et sont interchangeables avec des mod\u00e8les similaires sur le\u2026<\/div><a class=\"w-btn us-btn-style_2 usg_btn_1\" href=\"https:\/\/www.biemen.com\/fr\/enchufes-push-pull-cpp1\/\"><span class=\"w-btn-label\">Leer m\u00e1s<\/span><\/a><\/div><\/div>\t\t<\/div>\r\n\t\t\t<\/article>\r\n\t<article class=\"w-grid-item size_1x1 post-748 post type-post status-publish format-standard has-post-thumbnail hentry category-sin-categoria\" data-id=\"748\">\r\n\t\t<div class=\"w-grid-item-h\">\r\n\t\t\t\t\t\t<div class=\"w-hwrapper usg_hwrapper_1 align_left valign_top wrap\"><div class=\"w-post-elm post_image usg_post_image_1 has_width has_ratio\"><a href=\"https:\/\/www.biemen.com\/fr\/enchufes-rapidos-iso-a-iso-7241-a\/\" aria-label=\"COUPLEURS RAPIDES  ISO-A (ISO 7241-A)\"><img loading=\"lazy\" decoding=\"async\" width=\"600\" height=\"600\" src=\"https:\/\/www.biemen.com\/wp-content\/uploads\/2017\/11\/ISO-A-ANV-PAV-BIR-ISA-IA-5600-6600-7241-INTEVA-8-600x600.jpg\" class=\"attachment-us_600_600_crop size-us_600_600_crop wp-post-image\" alt=\"\" \/><\/a><div style=\"padding-bottom:100%\"><\/div><\/div><div class=\"w-vwrapper usg_vwrapper_1 align_left valign_top\"><h2 class=\"w-post-elm post_title usg_post_title_1 has_text_color entry-title color_link_inherit\"><a href=\"https:\/\/www.biemen.com\/fr\/enchufes-rapidos-iso-a-iso-7241-a\/\">COUPLEURS RAPIDES  ISO-A (ISO 7241-A)<\/a><\/h2><div class=\"w-hwrapper usg_hwrapper_2 has_text_color align_left valign_top wrap\"><div class=\"w-post-elm post_taxonomy usg_post_taxonomy_1 style_simple color_link_inherit\"><i class=\"fas fa-folder-open\"><\/i><a class=\"term-1 term-sin-categoria\" href=\"https:\/\/www.biemen.com\/fr\/category\/sin-categoria\/\"><span class=\"w-btn-label\">COUPLEURS RAPIDES<\/span><\/a><\/div><\/div><div class=\"w-post-elm post_content usg_post_content_1\">Les coupleurs rapides ISA \/ ANV1 sont fabriqu\u00e9s conform\u00e9ment \u00e0 la norme ISO 7241-A (ISO-A) et comprennent un syst\u00e8me de fermeture \u00e0 clapet, interchangeable avec le reste des coupleurs rapides hydrauliques fabriqu\u00e9s selon ISO7241-A, IA, BIR, PAV1, ANV, 6600, 5600, 101., entre autres. Les coupleurs hydrauliques ISO-A sont disponibles en acier au carbone, acier inoxydable\u2026<\/div><a class=\"w-btn us-btn-style_2 usg_btn_1\" href=\"https:\/\/www.biemen.com\/fr\/enchufes-rapidos-iso-a-iso-7241-a\/\"><span class=\"w-btn-label\">Leer m\u00e1s<\/span><\/a><\/div><\/div>\t\t<\/div>\r\n\t\t\t<\/article>\r\n\t<article class=\"w-grid-item size_1x1 post-696 post type-post status-publish format-standard has-post-thumbnail hentry category-sin-categoria\" data-id=\"696\">\r\n\t\t<div class=\"w-grid-item-h\">\r\n\t\t\t\t\t\t<div class=\"w-hwrapper usg_hwrapper_1 align_left valign_top wrap\"><div class=\"w-post-elm post_image usg_post_image_1 has_width has_ratio\"><a href=\"https:\/\/www.biemen.com\/fr\/enchufes-bobcat-ffc-4fi-para-bloques-bobcat-4bd4fh-y-4bd4fi\/\" aria-label=\"COUPLEURS HYDRAULIQUES FFC (4FI \/ 4FFI) POUR BLOCS BOBCAT\u00ae 4BD4FH et 4BD4FI\"><img loading=\"lazy\" decoding=\"async\" width=\"600\" height=\"600\" src=\"https:\/\/www.biemen.com\/wp-content\/uploads\/2017\/11\/FFC-BOBCAT-4BD4FH-4BD4FI--600x600.jpg\" class=\"attachment-us_600_600_crop size-us_600_600_crop wp-post-image\" alt=\"\" \/><\/a><div style=\"padding-bottom:100%\"><\/div><\/div><div class=\"w-vwrapper usg_vwrapper_1 align_left valign_top\"><h2 class=\"w-post-elm post_title usg_post_title_1 has_text_color entry-title color_link_inherit\"><a href=\"https:\/\/www.biemen.com\/fr\/enchufes-bobcat-ffc-4fi-para-bloques-bobcat-4bd4fh-y-4bd4fi\/\">COUPLEURS HYDRAULIQUES FFC (4FI \/ 4FFI) POUR BLOCS BOBCAT\u00ae 4BD4FH et 4BD4FI<\/a><\/h2><div class=\"w-hwrapper usg_hwrapper_2 has_text_color align_left valign_top wrap\"><div class=\"w-post-elm post_taxonomy usg_post_taxonomy_1 style_simple color_link_inherit\"><i class=\"fas fa-folder-open\"><\/i><a class=\"term-1 term-sin-categoria\" href=\"https:\/\/www.biemen.com\/fr\/category\/sin-categoria\/\"><span class=\"w-btn-label\">COUPLEURS RAPIDES<\/span><\/a><\/div><\/div><div class=\"w-post-elm post_content usg_post_content_1\">Nous avons int\u00e9gr\u00e9 dans notre gamme de mat\u00e9riel hydraulique les nouveaux coupleurs rapides tipe \u00e0 faces planes de la s\u00e9rie FFC, enti\u00e8rement compatibles avec les mod\u00e8les 4FI,\u00a04FFI, sp\u00e9cialement con\u00e7us pour le montage sur les blocs BOBCAT\u00ae 4BD4FH y 4BD4FI (4BD4FFI). Les coupleurs hydrauliques de type \u00e0 faces planes de la s\u00e9rie FFC sont fabriqu\u00e9s selon\u2026<\/div><a class=\"w-btn us-btn-style_2 usg_btn_1\" href=\"https:\/\/www.biemen.com\/fr\/enchufes-bobcat-ffc-4fi-para-bloques-bobcat-4bd4fh-y-4bd4fi\/\"><span class=\"w-btn-label\">Leer m\u00e1s<\/span><\/a><\/div><\/div>\t\t<\/div>\r\n\t\t\t<\/article>\r\n\t<article class=\"w-grid-item size_1x1 post-655 post type-post status-publish format-standard has-post-thumbnail hentry category-sin-categoria\" data-id=\"655\">\r\n\t\t<div class=\"w-grid-item-h\">\r\n\t\t\t\t\t\t<div class=\"w-hwrapper usg_hwrapper_1 align_left valign_top wrap\"><div class=\"w-post-elm post_image usg_post_image_1 has_width has_ratio\"><a href=\"https:\/\/www.biemen.com\/fr\/llaves-de-paso-valvulas-de-bola\/\" aria-label=\"ROBINETS A BOISSEAU SPHERIQUE &#8211; HAUTE PRESSION  &#8211; BKH2 \/ BKH3\"><img loading=\"lazy\" decoding=\"async\" width=\"419\" height=\"248\" src=\"https:\/\/www.biemen.com\/wp-content\/uploads\/2017\/10\/BKH2-BKL3.jpg\" class=\"attachment-us_600_600_crop size-us_600_600_crop wp-post-image\" alt=\"\" \/><\/a><div style=\"padding-bottom:100%\"><\/div><\/div><div class=\"w-vwrapper usg_vwrapper_1 align_left valign_top\"><h2 class=\"w-post-elm post_title usg_post_title_1 has_text_color entry-title color_link_inherit\"><a href=\"https:\/\/www.biemen.com\/fr\/llaves-de-paso-valvulas-de-bola\/\">ROBINETS A BOISSEAU SPHERIQUE &#8211; HAUTE PRESSION  &#8211; BKH2 \/ BKH3<\/a><\/h2><div class=\"w-hwrapper usg_hwrapper_2 has_text_color align_left valign_top wrap\"><div class=\"w-post-elm post_taxonomy usg_post_taxonomy_1 style_simple color_link_inherit\"><i class=\"fas fa-folder-open\"><\/i><a class=\"term-1 term-sin-categoria\" href=\"https:\/\/www.biemen.com\/fr\/category\/sin-categoria\/\"><span class=\"w-btn-label\">COUPLEURS RAPIDES<\/span><\/a><\/div><\/div><div class=\"w-post-elm post_content usg_post_content_1\">Nous mettons \u00e0 jour notre gamme de robinets \u00e0 boisseau sph\u00e9rique avec de nouveaux prix tr\u00e8s comp\u00e9titifs, \u00e0 la fois pour nos BKH2 (BVC2, GE2, BKH, RS2, KHB)\u00a0(2 voies) disponible en acier au carbone et acier inoxydable AISI316, et le robinet \u00e0 boisseau sph\u00e9rique BKL3 (3 voies), disponible en deux versions, port de connexion centrale\u2026<\/div><a class=\"w-btn us-btn-style_2 usg_btn_1\" href=\"https:\/\/www.biemen.com\/fr\/llaves-de-paso-valvulas-de-bola\/\"><span class=\"w-btn-label\">Leer m\u00e1s<\/span><\/a><\/div><\/div>\t\t<\/div>\r\n\t\t\t<\/article>\r\n\t<article class=\"w-grid-item size_1x1 post-651 post type-post status-publish format-standard has-post-thumbnail hentry category-sin-categoria\" data-id=\"651\">\r\n\t\t<div class=\"w-grid-item-h\">\r\n\t\t\t\t\t\t<div class=\"w-hwrapper usg_hwrapper_1 align_left valign_top wrap\"><div class=\"w-post-elm post_image usg_post_image_1 has_width has_ratio\"><a href=\"https:\/\/www.biemen.com\/fr\/enchufes-htn-tnv\/\" aria-label=\"COUPLEURS RAPIDES HTN (TNV)\"><img loading=\"lazy\" decoding=\"async\" width=\"600\" height=\"507\" src=\"https:\/\/www.biemen.com\/wp-content\/uploads\/2017\/09\/Enchufes-TNV-600x507.jpg\" class=\"attachment-us_600_600_crop size-us_600_600_crop wp-post-image\" alt=\"\" \/><\/a><div style=\"padding-bottom:100%\"><\/div><\/div><div class=\"w-vwrapper usg_vwrapper_1 align_left valign_top\"><h2 class=\"w-post-elm post_title usg_post_title_1 has_text_color entry-title color_link_inherit\"><a href=\"https:\/\/www.biemen.com\/fr\/enchufes-htn-tnv\/\">COUPLEURS RAPIDES HTN (TNV)<\/a><\/h2><div class=\"w-hwrapper usg_hwrapper_2 has_text_color align_left valign_top wrap\"><div class=\"w-post-elm post_taxonomy usg_post_taxonomy_1 style_simple color_link_inherit\"><i class=\"fas fa-folder-open\"><\/i><a class=\"term-1 term-sin-categoria\" href=\"https:\/\/www.biemen.com\/fr\/category\/sin-categoria\/\"><span class=\"w-btn-label\">COUPLEURS RAPIDES<\/span><\/a><\/div><\/div><div class=\"w-post-elm post_content usg_post_content_1\">Nous pr\u00e9sentons les nouvelles coupleurs rapides HTN (TNV, H \/ IH, V), ces coupleurs rapides ont \u00e9t\u00e9 con\u00e7us pour tous les types d&rsquo;applications hydrauliques, st sont compatibles entre autres avec les mod\u00e8les TNV. Le coupleur hydraulique HTN est adapt\u00e9 \u00e0 diverses applications hydrauliques, mais l&rsquo;une des utilisations les plus courantes est celle des camions \u00e0\u2026<\/div><a class=\"w-btn us-btn-style_2 usg_btn_1\" href=\"https:\/\/www.biemen.com\/fr\/enchufes-htn-tnv\/\"><span class=\"w-btn-label\">Leer m\u00e1s<\/span><\/a><\/div><\/div>\t\t<\/div>\r\n\t\t\t<\/article>\r\n\t<article class=\"w-grid-item size_1x1 post-642 post type-post status-publish format-standard has-post-thumbnail hentry category-sin-categoria\" data-id=\"642\">\r\n\t\t<div class=\"w-grid-item-h\">\r\n\t\t\t\t\t\t<div class=\"w-hwrapper usg_hwrapper_1 align_left valign_top wrap\"><div class=\"w-post-elm post_image usg_post_image_1 has_width has_ratio\"><a href=\"https:\/\/www.biemen.com\/fr\/racores-hidraulicos\/\" aria-label=\"RACCORDS HYDRAULIQUES\"><img loading=\"lazy\" decoding=\"async\" width=\"600\" height=\"600\" src=\"https:\/\/www.biemen.com\/wp-content\/uploads\/2017\/06\/PORTADA-RACORES-v170601-600x600.gif\" class=\"attachment-us_600_600_crop size-us_600_600_crop wp-post-image\" alt=\"\" \/><\/a><div style=\"padding-bottom:100%\"><\/div><\/div><div class=\"w-vwrapper usg_vwrapper_1 align_left valign_top\"><h2 class=\"w-post-elm post_title usg_post_title_1 has_text_color entry-title color_link_inherit\"><a href=\"https:\/\/www.biemen.com\/fr\/racores-hidraulicos\/\">RACCORDS HYDRAULIQUES<\/a><\/h2><div class=\"w-hwrapper usg_hwrapper_2 has_text_color align_left valign_top wrap\"><div class=\"w-post-elm post_taxonomy usg_post_taxonomy_1 style_simple color_link_inherit\"><i class=\"fas fa-folder-open\"><\/i><a class=\"term-1 term-sin-categoria\" href=\"https:\/\/www.biemen.com\/fr\/category\/sin-categoria\/\"><span class=\"w-btn-label\">COUPLEURS RAPIDES<\/span><\/a><\/div><\/div><div class=\"w-post-elm post_content usg_post_content_1\">Nous sommes content d&rsquo;informer tous nos clients que nous disposons de notre nouveau catalogue et tarif de prix de raccords hydrauliques, disponibles dans tous les types de fils, BSP, JIC, DIN2353, NPT, BSPT &#8230;, ce nouveau catalogue \u00e9largit\u00a0notre gamme des raccords de tuyau pour l&rsquo;assemblage de tuyaux hydrauliques que nous offrons jusqu&rsquo;ici. Sur demande, nous\u2026<\/div><a class=\"w-btn us-btn-style_2 usg_btn_1\" href=\"https:\/\/www.biemen.com\/fr\/racores-hidraulicos\/\"><span class=\"w-btn-label\">Leer m\u00e1s<\/span><\/a><\/div><\/div>\t\t<\/div>\r\n\t\t\t<\/article>\r\n\t<article class=\"w-grid-item size_1x1 post-637 post type-post status-publish format-standard has-post-thumbnail hentry category-sin-categoria\" data-id=\"637\">\r\n\t\t<div class=\"w-grid-item-h\">\r\n\t\t\t\t\t\t<div class=\"w-hwrapper usg_hwrapper_1 align_left valign_top wrap\"><div class=\"w-post-elm post_image usg_post_image_1 has_width has_ratio\"><a href=\"https:\/\/www.biemen.com\/fr\/enchufes-rapidos-caras-planas\/\" aria-label=\"COUPLEURS HYDRAULIQUES FACE PLANE ISO16028 &#8211; \u00c9COLOGIQUE\"><img loading=\"lazy\" decoding=\"async\" width=\"567\" height=\"263\" src=\"https:\/\/www.biemen.com\/wp-content\/uploads\/2017\/05\/B-CARAS-PLANAS-PLT4-FFN-2FFI-FFH-FIRG-PLT1-HQ-FH-FLAT-FACE.jpg\" class=\"attachment-us_600_600_crop size-us_600_600_crop wp-post-image\" alt=\"\" \/><\/a><div style=\"padding-bottom:100%\"><\/div><\/div><div class=\"w-vwrapper usg_vwrapper_1 align_left valign_top\"><h2 class=\"w-post-elm post_title usg_post_title_1 has_text_color entry-title color_link_inherit\"><a href=\"https:\/\/www.biemen.com\/fr\/enchufes-rapidos-caras-planas\/\">COUPLEURS HYDRAULIQUES FACE PLANE ISO16028 &#8211; \u00c9COLOGIQUE<\/a><\/h2><div class=\"w-hwrapper usg_hwrapper_2 has_text_color align_left valign_top wrap\"><div class=\"w-post-elm post_taxonomy usg_post_taxonomy_1 style_simple color_link_inherit\"><i class=\"fas fa-folder-open\"><\/i><a class=\"term-1 term-sin-categoria\" href=\"https:\/\/www.biemen.com\/fr\/category\/sin-categoria\/\"><span class=\"w-btn-label\">COUPLEURS RAPIDES<\/span><\/a><\/div><\/div><div class=\"w-post-elm post_content usg_post_content_1\">Nous vous informons que nous avons une nouvelle fiche technique disponible pour nos coupleurs hydrauliques FFA (FAR1, HQ, FFH, PLT1 PLT4, CPR, CPL, A, FIRG, X62, FH,\u00a0FD89 \/ FD49,\u00a0 FE, HT&#8230;.) produit selon ISO16028, cette nouvelle fiche technique sera incluse dans la prochaine \u00e9dition de notre catalogue g\u00e9n\u00e9ral de coupleurs rapides hydrauliques et de vannes\u2026<\/div><a class=\"w-btn us-btn-style_2 usg_btn_1\" href=\"https:\/\/www.biemen.com\/fr\/enchufes-rapidos-caras-planas\/\"><span class=\"w-btn-label\">Leer m\u00e1s<\/span><\/a><\/div><\/div>\t\t<\/div>\r\n\t\t\t<\/article>\r\n\t<article class=\"w-grid-item size_1x1 post-619 post type-post status-publish format-standard has-post-thumbnail hentry category-sin-categoria\" data-id=\"619\">\r\n\t\t<div class=\"w-grid-item-h\">\r\n\t\t\t\t\t\t<div class=\"w-hwrapper usg_hwrapper_1 align_left valign_top wrap\"><div class=\"w-post-elm post_image usg_post_image_1 has_width has_ratio\"><a href=\"https:\/\/www.biemen.com\/fr\/aparcadores-enchufes-rapidos-iso-a-7241-a\/\" aria-label=\"BOUCHON PARKING POUR COUPLEURS RAPIDES HYDRAULIQUES ISO-A (7241-A)\"><img loading=\"lazy\" decoding=\"async\" width=\"600\" height=\"600\" src=\"https:\/\/www.biemen.com\/wp-content\/uploads\/2017\/03\/aparcador-ISO-A-7241A-enchufe-ISO7241A-2-600x600.jpg\" class=\"attachment-us_600_600_crop size-us_600_600_crop wp-post-image\" alt=\"\" \/><\/a><div style=\"padding-bottom:100%\"><\/div><\/div><div class=\"w-vwrapper usg_vwrapper_1 align_left valign_top\"><h2 class=\"w-post-elm post_title usg_post_title_1 has_text_color entry-title color_link_inherit\"><a href=\"https:\/\/www.biemen.com\/fr\/aparcadores-enchufes-rapidos-iso-a-7241-a\/\">BOUCHON PARKING POUR COUPLEURS RAPIDES HYDRAULIQUES ISO-A (7241-A)<\/a><\/h2><div class=\"w-hwrapper usg_hwrapper_2 has_text_color align_left valign_top wrap\"><div class=\"w-post-elm post_taxonomy usg_post_taxonomy_1 style_simple color_link_inherit\"><i class=\"fas fa-folder-open\"><\/i><a class=\"term-1 term-sin-categoria\" href=\"https:\/\/www.biemen.com\/fr\/category\/sin-categoria\/\"><span class=\"w-btn-label\">COUPLEURS RAPIDES<\/span><\/a><\/div><\/div><div class=\"w-post-elm post_content usg_post_content_1\">Nous pr\u00e9sentons notre nouveaux bouchons de stationnement ISA1-12B4-PK pour m\u00e2les coupleurs rapides hydrauliques ISO-A (7241-A) 1\/2&Prime; (ISA, ANV1, PAV1, ISO-A,\u00a0BIR,\u00a0ANV, S.14432). Ces parkings nous permettent de maintenir collect\u00e9s les tuyaux hydrauliques situ\u00e9s sur les remorques agricoles ou tout autre type de machine, en \u00e9vitant leur d\u00e9t\u00e9rioration ou en se salissant quand le coupleur rapide\u00a0ce d\u00e9connect\u00e9\u2026<\/div><a class=\"w-btn us-btn-style_2 usg_btn_1\" href=\"https:\/\/www.biemen.com\/fr\/aparcadores-enchufes-rapidos-iso-a-7241-a\/\"><span class=\"w-btn-label\">Leer m\u00e1s<\/span><\/a><\/div><\/div>\t\t<\/div>\r\n\t\t\t<\/article>\r\n<\/div>\t<div class=\"w-grid-preloader\">\r\n\t\t<div class=\"g-preloader type_1\">\r\n\t\t\t<div><\/div>\r\n\t\t<\/div>\r\n\t<\/div>\r\n\t\t\t\t<div class=\"g-loadmore  width_full\">\r\n\t\t\t\t<div class=\"g-preloader type_1\">\r\n\t\t\t\t\t<div><\/div>\r\n\t\t\t\t<\/div>\r\n\t\t\t\t<button class=\"w-btn us-btn-style_2\" style=\"font-size:1.2rem;\">\r\n\t\t\t\t\t<span class=\"w-btn-label\">Charger plus<\/span>\r\n\t\t\t\t<\/button>\r\n\t\t\t<\/div>\r\n\t\t\t\t<div class=\"w-grid-json hidden\" onclick='return {&quot;action&quot;:&quot;us_ajax_grid&quot;,&quot;infinite_scroll&quot;:0,&quot;max_num_pages&quot;:2,&quot;pagination&quot;:&quot;ajax&quot;,&quot;template_vars&quot;:{&quot;columns&quot;:&quot;1&quot;,&quot;exclude_items&quot;:&quot;none&quot;,&quot;img_size&quot;:&quot;default&quot;,&quot;ignore_items_size&quot;:0,&quot;items_layout&quot;:&quot;1208&quot;,&quot;items_offset&quot;:&quot;1&quot;,&quot;load_animation&quot;:&quot;none&quot;,&quot;overriding_link&quot;:&quot;{\\&quot;url\\&quot;:\\&quot;\\&quot;}&quot;,&quot;post_id&quot;:0,&quot;query_args&quot;:{&quot;post_type&quot;:[&quot;post&quot;],&quot;post_status&quot;:[&quot;publish&quot;],&quot;posts_per_page&quot;:&quot;10&quot;},&quot;orderby_query_args&quot;:{&quot;orderby&quot;:{&quot;date&quot;:&quot;DESC&quot;}},&quot;type&quot;:&quot;grid&quot;,&quot;us_grid_post_type&quot;:&quot;post&quot;,&quot;us_grid_ajax_index&quot;:3,&quot;us_grid_filter_query_string&quot;:null,&quot;us_grid_index&quot;:3,&quot;page_args&quot;:[]}}'><\/div>\r\n\t<\/div><\/div><\/div><\/div><\/div><\/div><\/section>","protected":false},"excerpt":{"rendered":"Nous pr\u00e9sentons notre nouveaux bouchons de stationnement ISA1-12B4-PK pour m\u00e2les coupleurs rapides hydrauliques ISO-A (7241-A) 1\/2\" (ISA, ANV1, PAV1, ISO-A,\u00a0BIR,\u00a0ANV, S.14432). Ces parkings nous permettent de maintenir collect\u00e9s les tuyaux hydrauliques situ\u00e9s sur les remorques agricoles ou tout autre type de machine, en \u00e9vitant leur d\u00e9t\u00e9rioration ou en se salissant quand le coupleur rapide\u00a0ce d\u00e9connect\u00e9...","protected":false},"author":4,"featured_media":0,"parent":0,"menu_order":0,"comment_status":"closed","ping_status":"closed","template":"","meta":{"footnotes":""},"class_list":["post-378","page","type-page","status-publish","hentry"],"_links":{"self":[{"href":"https:\/\/www.biemen.com\/fr\/wp-json\/wp\/v2\/pages\/378","targetHints":{"allow":["GET"]}}],"collection":[{"href":"https:\/\/www.biemen.com\/fr\/wp-json\/wp\/v2\/pages"}],"about":[{"href":"https:\/\/www.biemen.com\/fr\/wp-json\/wp\/v2\/types\/page"}],"author":[{"embeddable":true,"href":"https:\/\/www.biemen.com\/fr\/wp-json\/wp\/v2\/users\/4"}],"replies":[{"embeddable":true,"href":"https:\/\/www.biemen.com\/fr\/wp-json\/wp\/v2\/comments?post=378"}],"version-history":[{"count":5,"href":"https:\/\/www.biemen.com\/fr\/wp-json\/wp\/v2\/pages\/378\/revisions"}],"predecessor-version":[{"id":1284,"href":"https:\/\/www.biemen.com\/fr\/wp-json\/wp\/v2\/pages\/378\/revisions\/1284"}],"wp:attachment":[{"href":"https:\/\/www.biemen.com\/fr\/wp-json\/wp\/v2\/media?parent=378"}],"curies":[{"name":"wp","href":"https:\/\/api.w.org\/{rel}","templated":true}]}}