{"id":808,"date":"2018-10-02T07:05:08","date_gmt":"2018-10-02T07:05:08","guid":{"rendered":"http:\/\/www.biemen.com\/?page_id=808"},"modified":"2019-07-16T07:50:41","modified_gmt":"2019-07-16T07:50:41","slug":"francais-politique-privee","status":"publish","type":"page","link":"https:\/\/www.biemen.com\/fr\/francais-politique-privee\/","title":{"rendered":"Politique priv\u00e9e"},"content":{"rendered":"<section class=\"l-section wpb_row height_medium\"><div class=\"l-section-h i-cf\"><div class=\"g-cols vc_row via_flex valign_top type_default stacking_default\"><div class=\"vc_col-sm-12 wpb_column vc_column_container\"><div class=\"vc_column-inner\"><div class=\"wpb_wrapper\"><div class=\"wpb_text_column\"><div class=\"wpb_wrapper\"><h2 style=\"text-align: center;\">Politique de confidentialit\u00e9<\/h2>\n<h4><strong>RESPONSABLE DU TRAITEMENT<\/strong><\/h4>\n<p><strong><em>\u00a0<\/em><\/strong><strong><em>Identit\u00e9 :\u00a0<\/em><\/strong><strong>BIEMEN, SLU<\/strong> (\u00e9galement le fournisseur)<\/p>\n<p><strong><em>Cif :\u00a0<\/em><\/strong>\u00a0B65986663<\/p>\n<p><strong><em>Adresse postale :\u00a0<\/em><\/strong>\u00a0Avda. Principal, 34 Nave A 08181, Sentmenat (Barcelona)<\/p>\n<p><strong><em>\u00a0E-mail :\u00a0<\/em><\/strong><a href=\"mailto:biemen@biemen.com\">biemen@biemen.com<\/a><\/p>\n<p><strong>\u00a0<\/strong><strong>BIEMEN, SLU<\/strong>, en tant que responsable du site Web, conform\u00e9ment aux dispositions du r\u00e8glement (UE) 2016\/679 du 27 avril 2016 (RGPD) concernant la protection des personnes physiques en ce qui concerne le traitement des donn\u00e9es personnelles et la libre circulation de ces donn\u00e9es et autres r\u00e9glementations en vigueur sur la protection des donn\u00e9es personnelles, et \u00e0 la loi 34\/2002 du 11 juillet, sur les Services de la soci\u00e9t\u00e9 de l&rsquo;information et du commerce \u00e9lectronique (LSSICE), vous informe de la mise en \u0153uvre des mesures de s\u00e9curit\u00e9 n\u00e9cessaires, de nature technique et organisationnelle, pour garantir et prot\u00e9ger la confidentialit\u00e9, l&rsquo;int\u00e9grit\u00e9 et la disponibilit\u00e9 des donn\u00e9es saisies.<\/p>\n<p><strong>\u00a0<\/strong><strong>\u00a0<\/strong><\/p>\n<h4><strong>BUT DU TRAITEMENT<\/strong><\/h4>\n<p>Vos donn\u00e9es personnelles ne seront utilis\u00e9es qu&rsquo;aux fins suivantes :<\/p>\n<ul>\n<li>D\u00e9marches commerciales et administratives n\u00e9cessaires aupr\u00e8s des utilisateurs du site web;<\/li>\n<li>Envoi de communications publicitaires et commerciales par e-mail, fax, SMS, MMS, r\u00e9seaux sociaux ou tout autre canal \u00e9lectronique ou physique, dans le cas o\u00f9 l&rsquo;utilisateur a express\u00e9ment consenti \u00e0 l&rsquo;envoi de communications commerciales par voie \u00e9lectronique en s\u2019inscrivant \u00e0 la NEWSLETTER;<\/li>\n<li>R\u00e9ponses aux requ\u00eates et \/ ou aux informations requises par l&rsquo;utilisateur;<\/li>\n<li>Prestation de services et \/ ou de produits que l&rsquo;Utilisateur a contract\u00e9s ou auquel il a souscrits<\/li>\n<li>Utilisation de vos donn\u00e9es pour vous contacter, \u00e9lectroniquement et non \u00e9lectroniquement, pour obtenir votre opinion sur le service fourni et,<\/li>\n<li>Notification de modifications, d\u2019\u00e9volutions importantes de notre politique de confidentialit\u00e9, nos mentions l\u00e9gales ou de nos cookies.<\/li>\n<li>Analyse de votre profils et comportement d\u2019utilisateur<\/li>\n<li>Traitement des donn\u00e9es des clients et \/ ou fournisseurs dans le cadre de relations contractuelles les liant avec le responsable, et dans le respect des obligations administratives, fiscales, comptables n\u00e9cessaires en vertu de la loi.<\/li>\n<\/ul>\n<p>Vous pouvez r\u00e9voquer votre consentement \u00e0 tout moment en envoyant un courrier avec l\u2019objet \u00ab\u00a0D\u00e9sabonnement\u00a0\u00bb \u00e0 <a href=\"mailto:biemen@biemen.com\">biemen@biemen.com<\/a><\/p>\n<p>Conform\u00e9ment \u00e0 la LSSICE, <strong>BIEMEN, SLU <\/strong>n&rsquo;envoie pas de SPAM, c\u2019est \u00e0 dire, que nous n&rsquo;envoyons pas de courriels commerciaux qui n&rsquo;ont pas \u00e9t\u00e9 pr\u00e9c\u00e9demment sollicit\u00e9s ou autoris\u00e9s par l&rsquo;Utilisateur. Par cons\u00e9quent, dans toutes les communications que vous recevrez du fournisseur, l&rsquo;utilisateur a la possibilit\u00e9 d&rsquo;annuler son consentement expr\u00e8s \u00e0 la r\u00e9ception de nos communications.<\/p>\n<p>Nous ne traiterons pas vos donn\u00e9es personnelles \u00e0 d&rsquo;autres fins que celles d\u00e9crites sauf obligation l\u00e9gale ou exigence judiciaire.<\/p>\n<p>&nbsp;<\/p>\n<h4><strong>CONSERVATION DE VOS DONNEES<\/strong><\/h4>\n<p>Vos donn\u00e9es seront conserv\u00e9es pour la dur\u00e9e de la relation commerciale qui nous lie. Vous pouvez exercer votre droit d&rsquo;annulation ou d&rsquo;opposition, ou limitation du traitement. Cependant, nous conserverons certaines donn\u00e9es personnelles d&rsquo;identification et de trafic pour une p\u00e9riode maximale de 2 ans dans le cas o\u00f9 ces informations seraient requise par les Juges et Tribunaux ou pour r\u00e9aliser des actions internes li\u00e9 \u00e0 une utilisation inappropri\u00e9e de notre site.<\/p>\n<p>Vous ne ferez pas l\u2019objet de d\u00e9cisions bas\u00e9es sur des traitements automatis\u00e9s qui auraient des effets sur vos donn\u00e9es.<\/p>\n<p>&nbsp;<\/p>\n<h4><strong>AUTORISATION DU TRAITEMENT<\/strong><\/h4>\n<p>La base juridique du traitement de vos donn\u00e9es r\u00e9side dans votre consentement \u00e0 la r\u00e9alisation des fins d\u00e9crites ci-dessus, au moment de cocher la case correspondante \u00e0 ce consentement lors de la collecte de vos donn\u00e9es.<\/p>\n<p>Le refus de fournir les donn\u00e9es personnelles sollicit\u00e9es ou d\u2019accepter cette politique de protection des donn\u00e9es aura pour cons\u00e9quence l&rsquo;incapacit\u00e9 pour vous de souscrire, vous inscrire ou recevoir des informations sur les produits et services du fournisseur.<\/p>\n<p>Dans les cas o\u00f9 il existe une relation contractuelle ant\u00e9rieure entre les parties, la l\u00e9gitimit\u00e9 des obligations administratives, fiscales, comptables et professionnelles se basera sur l&rsquo;existence pr\u00e9alable de cette relation commerciale entre les parties, en vertu de la l\u00e9gislation en vigueur.<\/p>\n<p>&nbsp;<\/p>\n<h4><strong>COMMUNICATIONS <\/strong><\/h4>\n<p>Toute communication envoy\u00e9e sera incluse dans les syst\u00e8mes d&rsquo;information du fournisseur. En acceptant ces conditions, termes et politiques, l&rsquo;Utilisateur consent express\u00e9ment \u00e0 ce que BIEMEN, SLU effectue les activit\u00e9s et \/ ou actions suivantes, sauf indication contraire de l&rsquo;utilisateur :<\/p>\n<ul>\n<li>L&rsquo;envoi de communications commerciales et \/ ou promotionnelles par tout moyen permettant d&rsquo;informer les utilisateurs des activit\u00e9s, services, promotions, publicit\u00e9s, actualit\u00e9s, offres et autres informations sur les services et produits li\u00e9s \u00e0 l&rsquo;activit\u00e9.<\/li>\n<li>Si l&rsquo;utilisateur a express\u00e9ment consenti \u00e0 l&rsquo;envoi de communications commerciales par voie \u00e9lectronique en s\u2019inscrivant \u00e0 la Newsletter, \u00e0 l&rsquo;envoi de ces communications par voie \u00e9lectronique au sujet des activit\u00e9s, services, promotions, publicit\u00e9, nouveaut\u00e9s, offres et autres informations sur les services et produits de BIEMEN, SLU identiques ou similaires \u00e0 ceux qui ont initialement fait l&rsquo;objet d&rsquo;un contrat ou d&rsquo;un int\u00e9r\u00eat de la part de l&rsquo;utilisateur.<\/li>\n<li>La conservation des donn\u00e9es pendant les p\u00e9riodes pr\u00e9vues l\u00e9galement.<\/li>\n<\/ul>\n<p>&nbsp;<\/p>\n<h4><strong>MOYENS OFFICIELS DE COMMUNICATION<\/strong><\/h4>\n<p>Nous informons l&rsquo;utilisateur que les moyens de communication utilis\u00e9s par l&rsquo;entreprise pour prendre contact avec ses clients et toutes autres personnes int\u00e9ress\u00e9es sont les suivants :\u00a0 le t\u00e9l\u00e9phone d&rsquo;entreprise, les t\u00e9l\u00e9phones mobiles d&rsquo;entreprise et le courrier \u00e9lectronique d&rsquo;entreprise.<\/p>\n<p>Si vous envoyez des informations personnelles par un moyen de communication autre que ceux indiqu\u00e9s ci-dessus, le fournisseur sera exempt de toute responsabilit\u00e9s li\u00e9es aux mesures de s\u00e9curit\u00e9 relatives \u00e0 ce moyen de communication.<\/p>\n<p><strong>\u00a0<\/strong><\/p>\n<h4><strong>DESTINATAIRES DE CESSIONS OU TRANSFERTS<\/strong><\/h4>\n<p><strong>BIEMEN, SLU <\/strong>n&rsquo;effectue aucun transfert ou communication de donn\u00e9es ni \u00e0 l&rsquo;int\u00e9rieur ni \u00e0 l&rsquo;ext\u00e9rieur de l&rsquo;UE. Le fournisseur ne communiquera vos informations qu\u2019aux forces de s\u00e9curit\u00e9 et organes soumis \u00e0 l&rsquo;ordre judiciaire ou par obligation d&rsquo;une norme juridique, et pourra bloquer ou annuler votre compte dans le cas o\u00f9 l&rsquo;utilisateur est suspect d\u2019avoir commis un crime ou un d\u00e9lit.\u00a0 Les informations fournies seront celles dont dispose le fournisseur \u00e0 ce moment pr\u00e9cis.<\/p>\n<p>Les informations que vous nous fournissez \u00e0 travers ce site ou via notre application seront h\u00e9berg\u00e9es sur les serveurs de<strong> BIEMEN, SLU<\/strong>, sous contrat avec la soci\u00e9t\u00e9 ADD WEB SERVICES, SL con CIF B66468901 et l\u2019adresse fiscale C\/Garraf, 30, 08140 CALDES DE MONTBUI, (Barcelona) Le traitement des donn\u00e9es de ladite entit\u00e9 est r\u00e9gul\u00e9 par un contrat de traitement entre le fournisseur et ladite entreprise. En aucun cas, ce sous-traitant ne sous-traitera des services impliquant un traitement de donn\u00e9es par des tiers sans notre accord pr\u00e9alable.<\/p>\n<h3><strong>\u00a0<\/strong><\/h3>\n<h4><strong>DROITS DES PERSONNES INT\u00c9RESS\u00c9ES<\/strong><\/h4>\n<p>En tant qu\u2019utilisateur int\u00e9ress\u00e9, vous pouvez demander l&rsquo;exercice des droits suivants aupr\u00e8s de <strong>BIEMEN, SLU <\/strong>en \u00e9crivant un courrier \u00e0 l&rsquo;adresse postale indiqu\u00e9e ci-dessus ou en envoyant un courriel \u00e0 <a href=\"mailto:biemen@biemen.com\">biemen@biemen.com<\/a> \u00a0, indiquant comme objet : \u00ab LOPD, droits ARCO \u00bb et joignant une photocopie de votre carte d&rsquo;identit\u00e9 ou tout autre document d\u2019identit\u00e9, comme pr\u00e9vu par la loi.<\/p>\n<p>Droits :<\/p>\n<ul>\n<li><strong>Droit<\/strong> <strong>d&rsquo;acc\u00e8s : <\/strong>permettant \u00e0 l&rsquo;int\u00e9ress\u00e9 de conna\u00eetre et d&rsquo;obtenir des informations sur ses donn\u00e9es personnelles soumises au traitement.<\/li>\n<li><strong>Droit de rectification ou de suppression <\/strong>: permettant de corriger les erreurs et de modifier les donn\u00e9es qui s&rsquo;av\u00e8rent inexactes ou incompl\u00e8tes.<\/li>\n<li><strong>Droit d&rsquo;annulation <\/strong>: permettant de supprimer les donn\u00e9es qui s&rsquo;av\u00e8rent insuffisantes ou excessives.<\/li>\n<li><strong>Droit d&rsquo;opposition : <\/strong>le droit de l&rsquo;int\u00e9ress\u00e9 de ne pas refuser le traitement ou la cession de ses donn\u00e9es personnelles.<\/li>\n<li><strong>Limitation du traitement :<\/strong> elle implique le marquage des donn\u00e9es personnelles conserv\u00e9es, dans le but de limiter leur futur traitement.<\/li>\n<li><strong>La portabilit\u00e9 des donn\u00e9es <\/strong>: Ils d\u2019agit de fournir ses donn\u00e9es \u00e0 l&rsquo;int\u00e9ress\u00e9, afin qu&rsquo;il puisse les transmettre \u00e0 un autre responsable, sans entraves.<\/li>\n<li><strong>Le droit de ne pas faire l&rsquo;objet de d\u00e9cisions individuelles automatis\u00e9es<\/strong> (y compris la cr\u00e9ation de profils) : le droit de ne pas faire l&rsquo;objet d&rsquo;une d\u00e9cision fond\u00e9e sur un traitement automatis\u00e9 ayant des effets ou implications significatifs.<\/li>\n<\/ul>\n<p>En tant qu&rsquo;utilisateur, vous avez \u00e0 tout moment le droit de retirer le consentement donn\u00e9. Le retrait de consentement n&rsquo;affectera pas la l\u00e9galit\u00e9 du traitement effectu\u00e9 avant celui-ci.<\/p>\n<p>Vous avez \u00e9galement le droit de soumettre une r\u00e9clamation \u00e0 l&rsquo;autorit\u00e9 de surveillance si vous estimez que vos droits ont \u00e9t\u00e9 viol\u00e9s en relation avec la protection de vos donn\u00e9es (cnil.fr).<\/p>\n<p>&nbsp;<\/p>\n<h4><strong>INFORMATION COMPL\u00c9MENTAIRE<\/strong><\/h4>\n<p>INFORMATIONS COLLECT\u00c9ES :<\/p>\n<p>Nous obtenons les informations minimales et indispensables par le biais du formulaire d&rsquo;inscription. Dans ce formulaire, vous devrez fournir les informations suivantes : e-mail, nom et pr\u00e9nom.<\/p>\n<p>Si vous r\u00e9alisez l&rsquo;achat d\u2019un produit sur notre site \u00a0<a href=\"https:\/\/www.floralbi.fr\">http:\/\/www.biemen.com<\/a> nous solliciterons des informations vous concernant, y compris votre nom, coordonn\u00e9es et informations li\u00e9es \u00e0 votre carte bancaire.<\/p>\n<p>Par cette politique de confidentialit\u00e9, nous vous informons que les photos pr\u00e9sentes sur le site sont la propri\u00e9t\u00e9 de BIEMEN, SLU, y compris celles pr\u00e9sentant des mineurs, pour lesquelles, nous avons obtenu le consentement pr\u00e9alable des parents, tuteurs ou repr\u00e9sentants l\u00e9gaux en signant les formulaires pr\u00e9vus \u00e0 cet effet au sein des centres d\u2019o\u00f9 les enfants d\u00e9pendent. Toutefois, les parents, les tuteurs ou les repr\u00e9sentants des mineurs, en tant que titulaires de l&rsquo;exercice des droits de ceux-ci, et sous r\u00e9serve d\u2019une demande pr\u00e9alable \u00e9crite formelle, peuvent refuser l&rsquo;utilisation de l&rsquo;image du mineur; dans ce cas, l&rsquo;image sera pixelis\u00e9e.<\/p>\n<p><strong>\u00a0<\/strong><\/p>\n<h4><strong>R\u00c9SEAU SOCIAUX<\/strong><\/h4>\n<p>Nous vous informons de la pr\u00e9sence <strong>BIEMEN, SLU <\/strong>sur les r\u00e9seaux sociaux. Le traitement des donn\u00e9es des personnes qui deviennent des \u201cfollowers\u201d sur les r\u00e9seaux sociaux (et \/ ou qui cr\u00e9ent un lien ou connectent avec nous \u00e0 travers les r\u00e9seaux sociaux) des pages officielles de <strong>BIEMEN, SLU <\/strong>sera r\u00e9glement\u00e9 suivant les clauses suivantes, ainsi que suivant les conditions d&rsquo;utilisation, les politiques de confidentialit\u00e9 et les r\u00e8gles d&rsquo;acc\u00e8s qui correspondent au r\u00e9seau social et qui auront pr\u00e9alablement \u00e9t\u00e9 accept\u00e9s par l&rsquo;utilisateur.<\/p>\n<p>&nbsp;<\/p>\n<p><strong>BIEMEN, SLU <\/strong>traitera vos donn\u00e9es dans le but de g\u00e9rer correctement sa pr\u00e9sence sur le r\u00e9seau social, vous informant des activit\u00e9s, produits ou services du fournisseur, ainsi que pour tout autre usage que les r\u00e8glements des r\u00e9seaux sociaux autorisent.<\/p>\n<p>Il est interdit de publier des contenu qui :<\/p>\n<ul>\n<li>peuvent \u00eatre consid\u00e9r\u00e9s Ill\u00e9gaux ou li\u00e9s \u00e0 des activit\u00e9s suppos\u00e9ment ill\u00e9gales ou contraires aux principes de la bonne foi en vertu de la r\u00e9glementation nationale, communautaire ou internationale<\/li>\n<li>Qui menacent les droits fondamentaux des personnes, qui manquent de courtoisie, agacent ou peuvent g\u00e9n\u00e9rer des opinions n\u00e9gatives sur nos utilisateurs ou des tiers et en g\u00e9n\u00e9ral tout contenu que <strong>BIEMEN, SLU <\/strong>consid\u00e8re inappropri\u00e9.<\/li>\n<li>Et en g\u00e9n\u00e9ral qui contreviennent aux principes de l\u00e9galit\u00e9, honn\u00eatet\u00e9, responsabilit\u00e9, protection de la dignit\u00e9 humaine, protection des mineurs, protection de l&rsquo;ordre public, protection de la vie priv\u00e9e, protection des consommateurs et droits de propri\u00e9t\u00e9 intellectuelle et industrielle.<\/li>\n<\/ul>\n<p>De ce fait <strong>BIEMEN, SLU <\/strong>se r\u00e9serve le droit de retirer, sans pr\u00e9avis, du site web ou du r\u00e9seau social d&rsquo;entreprise, les contenus jug\u00e9s inappropri\u00e9s.<\/p>\n<p>Les communications envoy\u00e9es via les r\u00e9seaux sociaux seront int\u00e9gr\u00e9es dans un fichier appartenant \u00e0 <strong>BIEMEN, SLU<\/strong>, et vous pourriez recevoir des informations de votre int\u00e9r\u00eat.<\/p>\n<p>Dans tous les cas, si vous envoyez des informations personnelles via un r\u00e9seau social, BIEMEN, SLUne sera pas tenu responsable des mesures de s\u00e9curit\u00e9 applicables \u00e0 cette plate-forme. L&rsquo;utilisateur devrait, s\u2019il souhaite en prendre connaissance, consulter les conditions particuli\u00e8res correspondantes au r\u00e9seau en question.<\/p>\n<p>&nbsp;<\/p>\n<h5><strong>MESURES DE S\u00c9CURIT\u00c9S :<\/strong><\/h5>\n<p>Les informations que vous fournissez seront trait\u00e9es de mani\u00e8re confidentielle. Le fournisseur a adopt\u00e9 toutes les mesures techniques et organisationnelles et tous les niveaux de protection n\u00e9cessaires pour garantir la s\u00e9curit\u00e9 dans le traitement des donn\u00e9es et pour \u00e9viter leur alt\u00e9ration, perte, vol, traitement ou acc\u00e8s non autoris\u00e9, suivant l&rsquo;\u00e9tat de la technologie et nature des donn\u00e9es stock\u00e9es. De m\u00eame, il est \u00e9galement garanti que le traitement et l&rsquo;enregistrement dans les fichiers, programmes, syst\u00e8mes ou \u00e9quipements, locaux et centres r\u00e9pondent aux exigences et conditions d&rsquo;int\u00e9grit\u00e9 et de s\u00e9curit\u00e9 \u00e9tablies dans la r\u00e9glementation en vigueur.<\/p>\n<p>&nbsp;<\/p>\n<h5><strong>LANGUE<\/strong><\/h5>\n<p>La langue applicable \u00e0 cette politique de confidentialit\u00e9 est l&rsquo;espagnol. Par cons\u00e9quent, en cas de contradiction dans l&rsquo;une des versions fournies dans d&rsquo;autres langues, la version espagnole pr\u00e9vaudra.<\/p>\n<p><strong>\u00a0<\/strong><\/p>\n<h4><strong>MODIFICATIONS DE LA PR\u00c9SENTE POLITIQUE DE CONFIDENTIALIT\u00c9<\/strong><\/h4>\n<p><strong>BIEMEN, SLU <\/strong>se r\u00e9serve le droit de modifier cette politique pour l&rsquo;adapter \u00e0 la nouvelle l\u00e9gislation ou \u00e0 la jurisprudence.<\/p>\n<p>&nbsp;<\/p>\n<h4><strong>L<\/strong><strong>\u00c9GISLATION<\/strong><\/h4>\n<p>La prestation du service, les relations entre <strong>BIEMEN, SLU <\/strong>et les utilisateurs de ses services t\u00e9l\u00e9matiques, pr\u00e9sents sur ce site,\u00a0 et la r\u00e9solution de questions ou de conflits li\u00e9s \u00e0 ce site web, sont r\u00e9gies par la l\u00e9gislation espagnole. La juridiction comp\u00e9tente appartenant aux Cours et aux Tribunaux de la Ville de <strong>Barcelone<\/strong>, auxquels les parties sont express\u00e9ment soumises.<\/p>\n<\/div><\/div><\/div><\/div><\/div><\/div><\/div><\/section>","protected":false},"excerpt":{"rendered":"Politique de confidentialit\u00e9 RESPONSABLE DU TRAITEMENT \u00a0Identit\u00e9 :\u00a0BIEMEN, SLU (\u00e9galement le fournisseur) Cif :\u00a0\u00a0B65986663 Adresse postale :\u00a0\u00a0Avda. Principal, 34 Nave A 08181, Sentmenat (Barcelona) \u00a0E-mail :\u00a0biemen@biemen.com \u00a0BIEMEN, SLU, en tant que responsable du site Web, conform\u00e9ment aux dispositions du r\u00e8glement (UE) 2016\/679 du 27 avril 2016 (RGPD) concernant la protection des personnes physiques en ce...","protected":false},"author":4,"featured_media":0,"parent":0,"menu_order":0,"comment_status":"closed","ping_status":"closed","template":"","meta":{"footnotes":""},"class_list":["post-808","page","type-page","status-publish","hentry"],"_links":{"self":[{"href":"https:\/\/www.biemen.com\/fr\/wp-json\/wp\/v2\/pages\/808","targetHints":{"allow":["GET"]}}],"collection":[{"href":"https:\/\/www.biemen.com\/fr\/wp-json\/wp\/v2\/pages"}],"about":[{"href":"https:\/\/www.biemen.com\/fr\/wp-json\/wp\/v2\/types\/page"}],"author":[{"embeddable":true,"href":"https:\/\/www.biemen.com\/fr\/wp-json\/wp\/v2\/users\/4"}],"replies":[{"embeddable":true,"href":"https:\/\/www.biemen.com\/fr\/wp-json\/wp\/v2\/comments?post=808"}],"version-history":[{"count":5,"href":"https:\/\/www.biemen.com\/fr\/wp-json\/wp\/v2\/pages\/808\/revisions"}],"predecessor-version":[{"id":1082,"href":"https:\/\/www.biemen.com\/fr\/wp-json\/wp\/v2\/pages\/808\/revisions\/1082"}],"wp:attachment":[{"href":"https:\/\/www.biemen.com\/fr\/wp-json\/wp\/v2\/media?parent=808"}],"curies":[{"name":"wp","href":"https:\/\/api.w.org\/{rel}","templated":true}]}}